{"id":1448,"date":"2024-02-13T15:52:34","date_gmt":"2024-02-13T15:52:34","guid":{"rendered":"https:\/\/fixyouclinic.es\/?page_id=1448"},"modified":"2024-02-13T16:28:58","modified_gmt":"2024-02-13T16:28:58","slug":"nutricion","status":"publish","type":"page","link":"https:\/\/fixyouclinic.es\/ca\/especialidades\/nutricion\/","title":{"rendered":"Nutrici\u00f3n"},"content":{"rendered":"<div data-elementor-type=\"wp-page\" data-elementor-id=\"1448\" class=\"elementor elementor-1448\">\n\t\t\t\t\t\t<section class=\"elementor-section elementor-top-section elementor-element elementor-element-6adeb93 elementor-section-boxed elementor-section-height-default elementor-section-height-default tf-sticky-section tf-sticky-no\" data-id=\"6adeb93\" data-element_type=\"section\" data-settings=\"{&quot;tf_sticky&quot;:&quot;no&quot;}\">\n\t\t\t\t\t\t<div class=\"elementor-container elementor-column-gap-default\">\n\t\t\t\t\t<div class=\"elementor-column elementor-col-50 elementor-top-column elementor-element elementor-element-cabf3bf\" data-id=\"cabf3bf\" data-element_type=\"column\">\n\t\t\t<div class=\"elementor-widget-wrap elementor-element-populated\">\n\t\t\t\t\t\t<div class=\"elementor-element elementor-element-91372e6 elementor-widget elementor-widget-image\" data-id=\"91372e6\" data-element_type=\"widget\" data-widget_type=\"image.default\">\n\t\t\t\t<div class=\"elementor-widget-container\">\n\t\t\t<style>\/*! elementor - v3.19.0 - 07-02-2024 *\/\n.elementor-widget-image{text-align:center}.elementor-widget-image a{display:inline-block}.elementor-widget-image a img[src$=\".svg\"]{width:48px}.elementor-widget-image img{vertical-align:middle;display:inline-block}<\/style>\t\t\t\t\t\t\t\t\t\t<img fetchpriority=\"high\" decoding=\"async\" width=\"1024\" height=\"774\" src=\"https:\/\/fixyouclinic.es\/wp-content\/uploads\/2024\/02\/Captura-de-Pantalla-2024-02-13-a-las-14.33.06-1024x774.png\" class=\"attachment-large size-large wp-image-1407\" alt=\"\" srcset=\"https:\/\/fixyouclinic.es\/wp-content\/uploads\/2024\/02\/Captura-de-Pantalla-2024-02-13-a-las-14.33.06-1024x774.png 1024w, https:\/\/fixyouclinic.es\/wp-content\/uploads\/2024\/02\/Captura-de-Pantalla-2024-02-13-a-las-14.33.06-300x227.png 300w, https:\/\/fixyouclinic.es\/wp-content\/uploads\/2024\/02\/Captura-de-Pantalla-2024-02-13-a-las-14.33.06-768x580.png 768w, https:\/\/fixyouclinic.es\/wp-content\/uploads\/2024\/02\/Captura-de-Pantalla-2024-02-13-a-las-14.33.06-16x12.png 16w, https:\/\/fixyouclinic.es\/wp-content\/uploads\/2024\/02\/Captura-de-Pantalla-2024-02-13-a-las-14.33.06.png 1384w\" sizes=\"(max-width: 1024px) 100vw, 1024px\" \/>\t\t\t\t\t\t\t\t\t\t\t\t\t<\/div>\n\t\t\t\t<\/div>\n\t\t\t\t\t<\/div>\n\t\t<\/div>\n\t\t\t\t<div class=\"elementor-column elementor-col-50 elementor-top-column elementor-element elementor-element-bc3c03c\" data-id=\"bc3c03c\" data-element_type=\"column\">\n\t\t\t<div class=\"elementor-widget-wrap elementor-element-populated\">\n\t\t\t\t\t\t<div class=\"elementor-element elementor-element-f419fdb elementor-widget elementor-widget-heading\" data-id=\"f419fdb\" data-element_type=\"widget\" data-widget_type=\"heading.default\">\n\t\t\t\t<div class=\"elementor-widget-container\">\n\t\t\t<style>\/*! elementor - v3.19.0 - 07-02-2024 *\/\n.elementor-heading-title{padding:0;margin:0;line-height:1}.elementor-widget-heading .elementor-heading-title[class*=elementor-size-]>a{color:inherit;font-size:inherit;line-height:inherit}.elementor-widget-heading .elementor-heading-title.elementor-size-small{font-size:15px}.elementor-widget-heading .elementor-heading-title.elementor-size-medium{font-size:19px}.elementor-widget-heading .elementor-heading-title.elementor-size-large{font-size:29px}.elementor-widget-heading .elementor-heading-title.elementor-size-xl{font-size:39px}.elementor-widget-heading .elementor-heading-title.elementor-size-xxl{font-size:59px}<\/style><h2 class=\"elementor-heading-title elementor-size-default\">Nutrici\u00f3n<\/h2>\t\t<\/div>\n\t\t\t\t<\/div>\n\t\t\t\t<div class=\"elementor-element elementor-element-6ed44c4 elementor-widget elementor-widget-text-editor\" data-id=\"6ed44c4\" data-element_type=\"widget\" data-widget_type=\"text-editor.default\">\n\t\t\t\t<div class=\"elementor-widget-container\">\n\t\t\t<style>\/*! elementor - v3.19.0 - 07-02-2024 *\/\n.elementor-widget-text-editor.elementor-drop-cap-view-stacked .elementor-drop-cap{background-color:#69727d;color:#fff}.elementor-widget-text-editor.elementor-drop-cap-view-framed .elementor-drop-cap{color:#69727d;border:3px solid;background-color:transparent}.elementor-widget-text-editor:not(.elementor-drop-cap-view-default) .elementor-drop-cap{margin-top:8px}.elementor-widget-text-editor:not(.elementor-drop-cap-view-default) .elementor-drop-cap-letter{width:1em;height:1em}.elementor-widget-text-editor .elementor-drop-cap{float:left;text-align:center;line-height:1;font-size:50px}.elementor-widget-text-editor .elementor-drop-cap-letter{display:inline-block}<\/style>\t\t\t\t<p>En el camino hacia una vida <strong>plena y saludable<\/strong>, la nutrici\u00f3n juega un papel esencial. <strong>M\u00e1s all\u00e1<\/strong> de simplemente alimentarnos, nuestras elecciones alimenticias impactan directamente en nuestro <strong>bienestar f\u00edsico y mental<\/strong>. Descubre c\u00f3mo una nutrici\u00f3n adecuada puede ser la clave para desbloquear <strong>tu m\u00e1ximo potencial<\/strong> y disfrutar de una vida llena de <strong>vitalidad<\/strong>.<\/p>\t\t\t\t\t\t<\/div>\n\t\t\t\t<\/div>\n\t\t\t\t<div class=\"elementor-element elementor-element-4b1172e elementor-widget elementor-widget-elementskit-tablepress\" data-id=\"4b1172e\" data-element_type=\"widget\" data-widget_type=\"elementskit-tablepress.default\">\n\t\t\t\t<div class=\"elementor-widget-container\">\n\t\t\t<div class=\"elemenetskit-tablepress ekit-wid-con\" id=\"ekit_tablepress_4b1172e\">\n<table id=\"tablepress-7\" class=\"tablepress tablepress-id-7\">\n<thead>\n<tr class=\"row-1 odd\">\n\t<th class=\"column-1\">Nutrici\u00f3n<\/th><th class=\"column-2\">C\u00f3mo podemos ayudarte<\/th>\n<\/tr>\n<\/thead>\n<tbody class=\"row-hover\">\n<tr class=\"row-2 even\">\n\t<td class=\"column-1\">Primera Visita<\/td><td class=\"column-2\">Realizamos una entrevista diet\u00e9tica, te conocemos como paciente, tus h\u00e1bitos alimentarios, objetivos, estilo de vida, etc.<br \/>\n<br \/>\nHacemos una valoraci\u00f3n de composici\u00f3n corporal.<br \/>\n<br \/>\nDefiniremos primeros pasos y objetivos a corto plazo<br \/>\n<\/td>\n<\/tr>\n<tr class=\"row-3 odd\">\n\t<td class=\"column-1\">Pauta Alimentaria<br \/>\n<\/td><td class=\"column-2\">Te Entregamos la pauta adaptada a tus necesidades y objetivos.<br \/>\n<br \/>\nTe explicamos la pauta prescrita y te damos lineamientos para puesta en marcha, explicamos las caracter\u00edsticas principales y el por qu\u00e9 de dichos lineamientos.<br \/>\n<br \/>\nResolveremos todas las dudas que tengas<br \/>\n<br \/>\nRealizamos posibles modificaciones, para mejorar tu adherencia al plan nutricional<\/td>\n<\/tr>\n<tr class=\"row-4 even\">\n\t<td class=\"column-1\">Seguimiento y Control<\/td><td class=\"column-2\">Te acompa\u00f1amos en cada parte del proceso haciendo seguimiento de la adherencia a la pauta nutricional.<br \/>\n<br \/>\nRealizamos monitorizaci\u00f3n cont\u00ednua del plan diet\u00e9tico-nutricional<br \/>\n<br \/>\nValoramos tu progreso de cara a los objetivos planteados inicialmente.<br \/>\n<br \/>\nRevisamos tus regularmente y planteamos algunos nuevos de acuerdo a los avances que se vayan viendo.<br \/>\n<br \/>\nRealizamos modificaciones a la pauta nutricional, si se precisa.<br \/>\n<\/td>\n<\/tr>\n<\/tbody>\n<\/table>\n<!-- #tablepress-7 from cache --><\/div>\t\t<\/div>\n\t\t\t\t<\/div>\n\t\t\t\t<div class=\"elementor-element elementor-element-42eed8f elementor-align-right elementor-widget elementor-widget-button\" data-id=\"42eed8f\" data-element_type=\"widget\" data-widget_type=\"button.default\">\n\t\t\t\t<div class=\"elementor-widget-container\">\n\t\t\t\t\t<div class=\"elementor-button-wrapper\">\n\t\t\t<a class=\"elementor-button elementor-button-link elementor-size-sm\" href=\"https:\/\/fixyouclinic.es\/ca\/contacto\/\">\n\t\t\t\t\t\t<span class=\"elementor-button-content-wrapper\">\n\t\t\t\t\t\t<span class=\"elementor-button-text\">Contacta<\/span>\n\t\t<\/span>\n\t\t\t\t\t<\/a>\n\t\t<\/div>\n\t\t\t\t<\/div>\n\t\t\t\t<\/div>\n\t\t\t\t\t<\/div>\n\t\t<\/div>\n\t\t\t\t\t<\/div>\n\t\t<\/section>\n\t\t\t\t<\/div>","protected":false},"excerpt":{"rendered":"<p>Nutrici\u00f3n En el camino hacia una vida plena y saludable, la nutrici\u00f3n juega un papel esencial. M\u00e1s all\u00e1 de simplemente alimentarnos, nuestras elecciones alimenticias impactan directamente en nuestro bienestar f\u00edsico y mental. Descubre c\u00f3mo una nutrici\u00f3n adecuada puede ser la clave para desbloquear tu m\u00e1ximo potencial y disfrutar de una vida llena de vitalidad. Editar [&hellip;]<\/p>","protected":false},"author":2,"featured_media":0,"parent":439,"menu_order":0,"comment_status":"closed","ping_status":"closed","template":"","meta":{"footnotes":""},"class_list":["post-1448","page","type-page","status-publish","hentry"],"yoast_head":"<!-- This site is optimized with the Yoast SEO plugin v21.0 - https:\/\/yoast.com\/wordpress\/plugins\/seo\/ -->\n<title>Nutrici\u00f3n - Fix You Clinic<\/title>\n<meta name=\"description\" content=\"La nutrici\u00f3n no solo impacta nuestro bienestar inmediato, sino que tambi\u00e9n sienta las bases para una salud a largo plazo. Adoptar h\u00e1bitos alimenticios saludables reduce el riesgo de enfermedades cr\u00f3nicas, fortalece el sistema inmunol\u00f3gico y contribuye a la longevidad. Invertir en tu salud a trav\u00e9s de una nutrici\u00f3n consciente es una inversi\u00f3n en tu futuro bienestar.\" \/>\n<meta name=\"robots\" content=\"index, follow, max-snippet:-1, max-image-preview:large, max-video-preview:-1\" \/>\n<link rel=\"canonical\" href=\"https:\/\/fixyouclinic.es\/ca\/especialidades\/nutricion\/\" \/>\n<meta property=\"og:locale\" content=\"ca_ES\" \/>\n<meta property=\"og:type\" content=\"article\" \/>\n<meta property=\"og:title\" content=\"Nutrici\u00f3n - Fix You Clinic\" \/>\n<meta property=\"og:description\" content=\"La nutrici\u00f3n no solo impacta nuestro bienestar inmediato, sino que tambi\u00e9n sienta las bases para una salud a largo plazo. Adoptar h\u00e1bitos alimenticios saludables reduce el riesgo de enfermedades cr\u00f3nicas, fortalece el sistema inmunol\u00f3gico y contribuye a la longevidad. Invertir en tu salud a trav\u00e9s de una nutrici\u00f3n consciente es una inversi\u00f3n en tu futuro bienestar.\" \/>\n<meta property=\"og:url\" content=\"https:\/\/fixyouclinic.es\/ca\/especialidades\/nutricion\/\" \/>\n<meta property=\"og:site_name\" content=\"Fix You Clinic\" \/>\n<meta property=\"article:modified_time\" content=\"2024-02-13T16:28:58+00:00\" \/>\n<meta property=\"og:image\" content=\"https:\/\/fixyouclinic.es\/wp-content\/uploads\/2024\/02\/Captura-de-Pantalla-2024-02-13-a-las-14.33.06-1024x774.png\" \/>\n<meta name=\"twitter:card\" content=\"summary_large_image\" \/>\n<meta name=\"twitter:label1\" content=\"Temps estimat de lectura\" \/>\n\t<meta name=\"twitter:data1\" content=\"2 minuts\" \/>\n<script type=\"application\/ld+json\" class=\"yoast-schema-graph\">{\"@context\":\"https:\/\/schema.org\",\"@graph\":[{\"@type\":\"WebPage\",\"@id\":\"https:\/\/fixyouclinic.es\/especialidades\/nutricion\/\",\"url\":\"https:\/\/fixyouclinic.es\/especialidades\/nutricion\/\",\"name\":\"Nutrici\u00f3n - Fix You Clinic\",\"isPartOf\":{\"@id\":\"https:\/\/fixyouclinic.es\/#website\"},\"datePublished\":\"2024-02-13T15:52:34+00:00\",\"dateModified\":\"2024-02-13T16:28:58+00:00\",\"description\":\"La nutrici\u00f3n no solo impacta nuestro bienestar inmediato, sino que tambi\u00e9n sienta las bases para una salud a largo plazo. Adoptar h\u00e1bitos alimenticios saludables reduce el riesgo de enfermedades cr\u00f3nicas, fortalece el sistema inmunol\u00f3gico y contribuye a la longevidad. Invertir en tu salud a trav\u00e9s de una nutrici\u00f3n consciente es una inversi\u00f3n en tu futuro bienestar.\",\"breadcrumb\":{\"@id\":\"https:\/\/fixyouclinic.es\/especialidades\/nutricion\/#breadcrumb\"},\"inLanguage\":\"ca\",\"potentialAction\":[{\"@type\":\"ReadAction\",\"target\":[\"https:\/\/fixyouclinic.es\/especialidades\/nutricion\/\"]}]},{\"@type\":\"BreadcrumbList\",\"@id\":\"https:\/\/fixyouclinic.es\/especialidades\/nutricion\/#breadcrumb\",\"itemListElement\":[{\"@type\":\"ListItem\",\"position\":1,\"name\":\"Portada\",\"item\":\"https:\/\/fixyouclinic.es\/\"},{\"@type\":\"ListItem\",\"position\":2,\"name\":\"Especialidades\",\"item\":\"https:\/\/fixyouclinic.es\/especialidades\/\"},{\"@type\":\"ListItem\",\"position\":3,\"name\":\"Nutrici\u00f3n\"}]},{\"@type\":\"WebSite\",\"@id\":\"https:\/\/fixyouclinic.es\/#website\",\"url\":\"https:\/\/fixyouclinic.es\/\",\"name\":\"Fix You Clinic\",\"description\":\"Centro m\u00e9dico de fisioterapia y bienestar\",\"publisher\":{\"@id\":\"https:\/\/fixyouclinic.es\/#organization\"},\"potentialAction\":[{\"@type\":\"SearchAction\",\"target\":{\"@type\":\"EntryPoint\",\"urlTemplate\":\"https:\/\/fixyouclinic.es\/?s={search_term_string}\"},\"query-input\":\"required name=search_term_string\"}],\"inLanguage\":\"ca\"},{\"@type\":\"Organization\",\"@id\":\"https:\/\/fixyouclinic.es\/#organization\",\"name\":\"Fix You Clinic Body Beauty Mind\",\"url\":\"https:\/\/fixyouclinic.es\/\",\"logo\":{\"@type\":\"ImageObject\",\"inLanguage\":\"ca\",\"@id\":\"https:\/\/fixyouclinic.es\/#\/schema\/logo\/image\/\",\"url\":\"https:\/\/fixyouclinic.es\/wp-content\/uploads\/2022\/07\/logo_FixYouClinic.png\",\"contentUrl\":\"https:\/\/fixyouclinic.es\/wp-content\/uploads\/2022\/07\/logo_FixYouClinic.png\",\"width\":580,\"height\":290,\"caption\":\"Fix You Clinic Body Beauty Mind\"},\"image\":{\"@id\":\"https:\/\/fixyouclinic.es\/#\/schema\/logo\/image\/\"},\"sameAs\":[\"https:\/\/www.instagram.com\/fixyouclinic\/\"]}]}<\/script>\n<!-- \/ Yoast SEO plugin. -->","yoast_head_json":{"title":"Nutrici\u00f3n - Fix You Clinic","description":"La nutrici\u00f3n no solo impacta nuestro bienestar inmediato, sino que tambi\u00e9n sienta las bases para una salud a largo plazo. Adoptar h\u00e1bitos alimenticios saludables reduce el riesgo de enfermedades cr\u00f3nicas, fortalece el sistema inmunol\u00f3gico y contribuye a la longevidad. Invertir en tu salud a trav\u00e9s de una nutrici\u00f3n consciente es una inversi\u00f3n en tu futuro bienestar.","robots":{"index":"index","follow":"follow","max-snippet":"max-snippet:-1","max-image-preview":"max-image-preview:large","max-video-preview":"max-video-preview:-1"},"canonical":"https:\/\/fixyouclinic.es\/ca\/especialidades\/nutricion\/","og_locale":"ca_ES","og_type":"article","og_title":"Nutrici\u00f3n - Fix You Clinic","og_description":"La nutrici\u00f3n no solo impacta nuestro bienestar inmediato, sino que tambi\u00e9n sienta las bases para una salud a largo plazo. Adoptar h\u00e1bitos alimenticios saludables reduce el riesgo de enfermedades cr\u00f3nicas, fortalece el sistema inmunol\u00f3gico y contribuye a la longevidad. Invertir en tu salud a trav\u00e9s de una nutrici\u00f3n consciente es una inversi\u00f3n en tu futuro bienestar.","og_url":"https:\/\/fixyouclinic.es\/ca\/especialidades\/nutricion\/","og_site_name":"Fix You Clinic","article_modified_time":"2024-02-13T16:28:58+00:00","og_image":[{"url":"https:\/\/fixyouclinic.es\/wp-content\/uploads\/2024\/02\/Captura-de-Pantalla-2024-02-13-a-las-14.33.06-1024x774.png"}],"twitter_card":"summary_large_image","twitter_misc":{"Temps estimat de lectura":"2 minuts"},"schema":{"@context":"https:\/\/schema.org","@graph":[{"@type":"WebPage","@id":"https:\/\/fixyouclinic.es\/especialidades\/nutricion\/","url":"https:\/\/fixyouclinic.es\/especialidades\/nutricion\/","name":"Nutrici\u00f3n - Fix You Clinic","isPartOf":{"@id":"https:\/\/fixyouclinic.es\/#website"},"datePublished":"2024-02-13T15:52:34+00:00","dateModified":"2024-02-13T16:28:58+00:00","description":"La nutrici\u00f3n no solo impacta nuestro bienestar inmediato, sino que tambi\u00e9n sienta las bases para una salud a largo plazo. Adoptar h\u00e1bitos alimenticios saludables reduce el riesgo de enfermedades cr\u00f3nicas, fortalece el sistema inmunol\u00f3gico y contribuye a la longevidad. Invertir en tu salud a trav\u00e9s de una nutrici\u00f3n consciente es una inversi\u00f3n en tu futuro bienestar.","breadcrumb":{"@id":"https:\/\/fixyouclinic.es\/especialidades\/nutricion\/#breadcrumb"},"inLanguage":"ca","potentialAction":[{"@type":"ReadAction","target":["https:\/\/fixyouclinic.es\/especialidades\/nutricion\/"]}]},{"@type":"BreadcrumbList","@id":"https:\/\/fixyouclinic.es\/especialidades\/nutricion\/#breadcrumb","itemListElement":[{"@type":"ListItem","position":1,"name":"Portada","item":"https:\/\/fixyouclinic.es\/"},{"@type":"ListItem","position":2,"name":"Especialidades","item":"https:\/\/fixyouclinic.es\/especialidades\/"},{"@type":"ListItem","position":3,"name":"Nutrici\u00f3n"}]},{"@type":"WebSite","@id":"https:\/\/fixyouclinic.es\/#website","url":"https:\/\/fixyouclinic.es\/","name":"Fix You Clinic","description":"Centro m\u00e9dico de fisioterapia y bienestar","publisher":{"@id":"https:\/\/fixyouclinic.es\/#organization"},"potentialAction":[{"@type":"SearchAction","target":{"@type":"EntryPoint","urlTemplate":"https:\/\/fixyouclinic.es\/?s={search_term_string}"},"query-input":"required name=search_term_string"}],"inLanguage":"ca"},{"@type":"Organization","@id":"https:\/\/fixyouclinic.es\/#organization","name":"Fix You Clinic Body Beauty Mind","url":"https:\/\/fixyouclinic.es\/","logo":{"@type":"ImageObject","inLanguage":"ca","@id":"https:\/\/fixyouclinic.es\/#\/schema\/logo\/image\/","url":"https:\/\/fixyouclinic.es\/wp-content\/uploads\/2022\/07\/logo_FixYouClinic.png","contentUrl":"https:\/\/fixyouclinic.es\/wp-content\/uploads\/2022\/07\/logo_FixYouClinic.png","width":580,"height":290,"caption":"Fix You Clinic Body Beauty Mind"},"image":{"@id":"https:\/\/fixyouclinic.es\/#\/schema\/logo\/image\/"},"sameAs":["https:\/\/www.instagram.com\/fixyouclinic\/"]}]}},"jetpack_sharing_enabled":true,"_links":{"self":[{"href":"https:\/\/fixyouclinic.es\/ca\/wp-json\/wp\/v2\/pages\/1448","targetHints":{"allow":["GET"]}}],"collection":[{"href":"https:\/\/fixyouclinic.es\/ca\/wp-json\/wp\/v2\/pages"}],"about":[{"href":"https:\/\/fixyouclinic.es\/ca\/wp-json\/wp\/v2\/types\/page"}],"author":[{"embeddable":true,"href":"https:\/\/fixyouclinic.es\/ca\/wp-json\/wp\/v2\/users\/2"}],"replies":[{"embeddable":true,"href":"https:\/\/fixyouclinic.es\/ca\/wp-json\/wp\/v2\/comments?post=1448"}],"version-history":[{"count":11,"href":"https:\/\/fixyouclinic.es\/ca\/wp-json\/wp\/v2\/pages\/1448\/revisions"}],"predecessor-version":[{"id":1463,"href":"https:\/\/fixyouclinic.es\/ca\/wp-json\/wp\/v2\/pages\/1448\/revisions\/1463"}],"up":[{"embeddable":true,"href":"https:\/\/fixyouclinic.es\/ca\/wp-json\/wp\/v2\/pages\/439"}],"wp:attachment":[{"href":"https:\/\/fixyouclinic.es\/ca\/wp-json\/wp\/v2\/media?parent=1448"}],"curies":[{"name":"wp","href":"https:\/\/api.w.org\/{rel}","templated":true}]}}