{"id":3,"date":"2022-07-05T08:44:24","date_gmt":"2022-07-05T08:44:24","guid":{"rendered":"http:\/\/fixyouclinic.es\/?page_id=3"},"modified":"2025-01-22T10:46:02","modified_gmt":"2025-01-22T10:46:02","slug":"politica-privacidad","status":"publish","type":"page","link":"https:\/\/fixyouclinic.es\/ca\/politica-privacidad\/","title":{"rendered":"POL\u00cdTICA DE PRIVACIDAD"},"content":{"rendered":"<p><\/p>\n\n\n\n<h2 class=\"wp-block-heading\">Introducci\u00f3n<\/h2>\n\n\n\n<p>La presente declaraci\u00f3n se emite tambi\u00e9n en virtud del art. 13 del Reglamento (UE) 2016\/679<br>\u00abProtecci\u00f3n de las personas f\u00edsicas en lo que respecta al tratamiento de datos personales y a la<br>libre circulaci\u00f3n de estos datos\u00bb (conocido por las siglas RGPD) a las personas que interact\u00faen con<br>los servicios web de Bcare Group, S.L., accesibles por v\u00eda telem\u00e1tica a trav\u00e9s de la direcci\u00f3n:<br>www.fixyouclinic.es<br>El responsable del tratamiento de los datos es BCare Group, S.L, con domicilio social en Carretera de barcelona 24, 08302, Matar\u00f3, Espa\u00f1a. NIF- B09751173<br>Cuando un usuario accede al sitio web, a los servicios o a las aplicaciones, nuestros proveedores de servicios autorizados pueden usar cookies, balizas web y otras tecnolog\u00edas similares para fines publicitarios y para almacenar la informaci\u00f3n a fin de ofrecerte una experiencia mejor, m\u00e1s r\u00e1pida y m\u00e1s segura.<br>Nuestro objetivo con esta declaraci\u00f3n es proporcionarte informaci\u00f3n sobre las tecnolog\u00edas adoptadas y c\u00f3mo se usan en nuestros sitios web y en nuestros servicios, aplicaciones y herramientas. A continuaci\u00f3n se resumen algunos aspectos importantes que se deben conocer<br>respecto al uso de estas tecnolog\u00edas.<\/p>\n\n\n\n<h2 class=\"wp-block-heading\">Qu\u00e9 son las cookies, las balizas web y tecnolog\u00edas similares<\/h2>\n\n\n\n<p>Como en casi todos los sitios web, usamos archivos de datos de peque\u00f1as dimensiones que se<br>guardan en tu ordenador, tableta, tel\u00e9fono m\u00f3vil u otro dispositivo m\u00f3vil (a los que nos referiremos<br>en conjunto como \u00abdispositivo\u00bb) para grabar determinados datos cada vez que accedes o<br>interact\u00faas con nuestros sitios web, servicios, aplicaciones, sistemas de mensajer\u00eda y herramientas.<br>Los nombres y los tipos espec\u00edficos de cookies, balizas web y otras tecnolog\u00edas similares que se<br>usan pueden cambiar con el tiempo. Para ayudarte a comprender mejor las reglas y el uso de esas<br>tecnolog\u00edas, a continuaci\u00f3n se indican algunos t\u00e9rminos con las respectivas definiciones:<br>Cookies: peque\u00f1os archivos de texto (formatos en general por letras y n\u00fameros) que se guardan en<br>la memoria del navegador o del dispositivo cuando visitas un sitio o visualizas un mensaje. Las<br>cookies permiten a un sitio web reconocer un dispositivo o un navegador particulares. Existen varios<br>tipos de cookies:<\/p>\n\n\n\n<p>-temporales (o de sesi\u00f3n): se usan para archivar informaci\u00f3n temporal, permiten conectar tus<br>acciones durante la sesi\u00f3n espec\u00edfica y se eliminan del ordenador cuando se sale del<br>navegador web;<br><br>-permanentes: se usan para archivar informaci\u00f3n, por ejemplo, el nombre y la contrase\u00f1a de<br>acceso para evitar que el usuario deba escribirlos cada vez que visita un sitio espec\u00edfico; se<br>guardan en el ordenador incluso despu\u00e9s de haber salido del navegador web;<br><br>-de primera parte: derivan del sitio web visualizado y pueden ser permanentes o temporales;<br>pueden usarse para archivar informaci\u00f3n que se volver\u00e1 a usar en la siguiente visita al sitio<br>web;<br><br>-de tercera parte: derivan de anuncios de otros sitios web, por ejemplo, ventanas emergentes<br>o mensajes publicitarios presentes en el sitio web visualizado; pueden usarse para registrar<br>el uso del sitio web con fines de marketing<\/p>\n\n\n\n<p>Las cookies pueden desactivarse o eliminarse mediante las herramientas disponibles en la mayor<br>parte de los navegadores. Las preferencias relativas a las cookies deben ajustarse de forma<br>separada para cada uno de los navegadores que se usen, ya que cada uno de ellos ofrece<br>funcionalidades y opciones espec\u00edficas.<br>Balizas web: fragmentos de c\u00f3digo que permiten a un sitio web transferir o recoger informaci\u00f3n a<br>trav\u00e9s de la solicitud de una imagen gr\u00e1fica; pueden usarse para varios fines, como el an\u00e1lisis del<br>uso de los sitios web, actividades de control y elaboraci\u00f3n de informes sobre la publicidad y la<br>personalizaci\u00f3n de publicidad y contenidos.<br>Tecnolog\u00edas similares: tecnolog\u00edas que archivan datos en el navegador o dispositivo usando objetos<br>compartidos a nivel local o archivo local, como cookies flash, cookies HTML 5 y otros tipos de<br>software para aplicaciones web. Estas tecnolog\u00edas funcionan en todos los navegadores. En algunos<br>casos, el uso del archivo local no pueden gestionarlo por completo los navegadores, sino que es<br>necesaria la gesti\u00f3n mediante herramientas espec\u00edficas. No usamos este tipo de tecnolog\u00edas con el<br>fin de guardar informaci\u00f3n \u00fatil para crear publicidad personalizada en nuestro sitio web o en sitios<br>web de terceros.<\/p>\n\n\n\n<h2 class=\"wp-block-heading\">Las cookies en nuestro sitio web<\/h2>\n\n\n\n<p>Nuestras cookies tienen diversas funciones. Son \u00fatiles para garantizar el funcionamiento de<br>nuestros servicios, nos permiten mejorar las prestaciones, ofrecen funcionalidades<br>complementarias o nos permiten ofrecerte publicidad personalizada o acorde a tus intereses.<br>Usamos cookies y tecnolog\u00edas similares que permanecen en tu dispositivo solo durante el periodo<br>de actividad del navegador (cookies de sesi\u00f3n) o durante un periodo m\u00e1s largo (cookies<br>persistentes).<br>Puedes bloquearlas, eliminarlas o desactivarlas si tu dispositivo lo permite. Adem\u00e1s, puedes<br>gestionar las cookies y las preferencias de las cookies en la configuraci\u00f3n del dispositivo o del<br>navegador<\/p>\n\n\n\n<p>Siempre que sea posible, se implantan medidas de seguridad para impedir el acceso no autorizado<br>a cookies y tecnolog\u00edas similares. Un c\u00f3digo un\u00edvoco garantiza que solo nosotros o nuestros<br>proveedores de servicio autorizados podamos acceder a los datos de las cookies.<br>Los proveedores de servicios son empresas que nos apoyan en diversos aspectos de nuestra<br>actividad, ocup\u00e1ndose, por ejemplo, de operaciones, servicios, aplicaciones, publicidad y<br>herramientas del sitio web. Usamos a nuestros proveedores de servicios autorizados para<br>presentarte publicidad acorde a tus intereses en nuestros servicios y en otros sitios web. Estos<br>proveedores de servicios pueden introducir cookies en tu dispositivo a trav\u00e9s de nuestros servicios<br>(cookies de terceras partes). Tambi\u00e9n pueden obtener informaci\u00f3n que les permita identificar tu<br>dispositivo, como la direcci\u00f3n IP y otros c\u00f3digos un\u00edvocos o del dispositivo.<br>Determinadas funciones, servicios, aplicaciones y herramientas del sitio web solo est\u00e1n disponibles<br>mediante el uso de estas tecnolog\u00edas. Podr\u00e1s siempre bloquearlas, eliminarlas o desactivarlas si tu<br>navegador, la aplicaci\u00f3n instalada o el dispositivo usado lo permiten. Para obtener m\u00e1s informaci\u00f3n<br>sobre c\u00f3mo bloquear, eliminar o desactivar esas tecnolog\u00edas, consulta la configuraci\u00f3n del<br>dispositivo o del navegador usado.<\/p>\n\n\n\n<h2 class=\"wp-block-heading\">Consentimiento al uso de las cookies<\/h2>\n\n\n\n<p>En el primer acceso a nuestro sitio web, encontrar\u00e1s un banner que contiene una breve declaraci\u00f3n<br>sobre el uso de las cookies.<br>Tienes diversas alternativas:<\/p>\n\n\n\n<p>-el desplazamiento hacia abajo con la rueda del rat\u00f3n o la continuaci\u00f3n de la navegaci\u00f3n, lo<br>que equivaldr\u00e1 al consentimiento al uso de las cookies, tal como se indica en la declaraci\u00f3n<br>breve;<br><br>-el acceso a la pol\u00edtica de cookies y la elecci\u00f3n entre las diversas opciones de tipo de cookies<br>conllevar\u00e1 consecuencias diversas seg\u00fan la categor\u00eda de cookies.<\/p>\n\n\n\n<h2 class=\"wp-block-heading\">Cookies t\u00e9cnicas<\/h2>\n\n\n\n<p>Son \u00fatiles para garantizar el funcionamiento de nuestros servicios y nos permiten mejorar las<br>prestaciones. Estas tecnolog\u00edas permiten a nuestros sitios web, servicios, aplicaciones y<br>herramientas conservar informaci\u00f3n importante en tu navegador o dispositivo y, por tanto, usarla<br>posteriormente para identificarte en nuestros servidores o sistemas internos. Siempre que sea<br>aplicable, protegemos las cookies y otras tecnolog\u00edas similares para garantizar que solo Bcare Group, S.L. o nuestros proveedores de servicios autorizados puedan interpretarlas d\u00e1ndoles un<br>c\u00f3digo un\u00edvoco. Tus datos personales no se archivan en cookies ni en otras tecnolog\u00edas similares<br>usadas.<br>Todos los datos personales adquiridos y archivados mediante el uso de estas tecnolog\u00edas se<br>obtienen solo despu\u00e9s de haberte proporcionado una declaraci\u00f3n espec\u00edfica.<\/p>\n\n\n\n<p>El uso de estas tecnolog\u00edas se encuadra en las siguientes categor\u00edas generales:<br>Uso necesario desde el punto de vista operativo. El uso de cookies, balizas web u otras tecnolog\u00edas<br>similares puede ser necesario para el funcionamiento de sitios web, servicios, aplicaciones y<br>herramientas. Esto incluye tecnolog\u00edas que permiten al usuario acceder a los sitios web, servicios,<br>aplicaciones y herramientas necesarios para evitar actividades fraudulentas y mejorar la seguridad<br>o usar otras funciones, como la cesta de la compra, b\u00fasquedas guardadas o funciones similares.<br>Uso relativo a las prestaciones. Podemos usar cookies, balizas web u otras tecnolog\u00edas similares<br>para evaluar las prestaciones de nuestros sitios web, aplicaciones, herramientas y servicios, tambi\u00e9n<br>en el \u00e1mbito de las actividades de an\u00e1lisis para entender de qu\u00e9 modo usan los visitantes nuestros<br>sitios web, establecer si han interactuado con nuestro sistema de mensajer\u00eda o visualizado un<br>elemento o una conexi\u00f3n, o para mejorar los contenidos, las aplicaciones, los servicios o las<br>herramientas del sitio.<br>Uso relativo a la funcionalidad. Podemos usar cookies, balizas web u otras tecnolog\u00edas similares<br>para ofrecerte funcionalidades avanzadas durante el acceso a nuestros sitios web, servicios,<br>aplicaciones y herramientas o su uso. Gracias a estas funcionalidades, podemos, por ejemplo,<br>identificar a los usuarios que acceden a nuestros sitios web o controlar sus preferencias, intereses u<br>objetos visualizados anteriormente para mejorar la presentaci\u00f3n de los contenidos en nuestros<br>sitios web.<br>No es obligatorio dar el consentimiento para el uso de estas cookies. Si decides no aceptar el uso<br>de las cookies t\u00e9cnicas, podr\u00e1s desactivarlas como se ha indicado anteriormente; en este caso, es<br>posible que no puedas usar determinadas funciones, servicios, aplicaciones o herramientas del sitio<br>web. El sitio web podr\u00eda solicitarte que vuelvas a introducir la contrase\u00f1a varias veces durante una<br>misma sesi\u00f3n.<\/p>\n\n\n\n<h2 class=\"wp-block-heading\">Cookies de perfilaci\u00f3n y marketing de primera parte<\/h2>\n\n\n\n<p>Podemos usar cookies y balizas web de primera parte para proponer contenidos, incluida<br>publicidad relevante para los intereses del usuario, en nuestros sitios web o en sitios web de<br>terceros. Ello incluye el uso de tecnolog\u00edas para evaluar mejor la utilidad de la publicidad y los<br>contenidos presentados al usuario, por ejemplo, controlando si ha seleccionado o no un anuncio<br>publicitario.<br>Para dicha categor\u00eda de cookies es necesario tu consentimiento expl\u00edcito.<br>Podemos colaborar con otras empresas, generalmente conocidas como proveedores de servicios,<br>que est\u00e1n autorizadas a usar cookies, balizas web o tecnolog\u00edas similares para archivar datos en<br>nuestros sitios web o en nuestros servicios, aplicaciones y herramientas. Estos proveedores de<br>servicios nos permiten ofrecerte una experiencia mejor, m\u00e1s r\u00e1pida y m\u00e1s segura en nuestros sitios<br>web.<br>Adem\u00e1s, pueden usar dichas tecnolog\u00edas para ayudarnos a ofrecerte nuestros contenidos y nuestra<br>publicidad, y crear estad\u00edsticas y an\u00e1lisis an\u00f3nimos del sitio web. No autorizamos a ninguno de<\/p>\n\n\n\n<p>nuestros proveedores de servicios a recoger tu informaci\u00f3n personal en nuestros sitios web o a<br>trav\u00e9s de nuestros servicios, aplicaciones o herramientas para sus fines. Dichos proveedores de<br>servicios est\u00e1n sujetos a acuerdos de privacidad celebrados con nosotros y a otras limitaciones<br>legales sobre el uso o la recogida de cualquier informaci\u00f3n personal. El uso de las cookies de<br>usuarios est\u00e1 sujeto a las normas de privacidad de dichos terceros.<br>Con excepci\u00f3n del uso de dichas tecnolog\u00edas por parte de nuestros proveedores de servicios u<br>otros terceros autorizados, no aceptamos en los sitios web ning\u00fan contenido de personas (por<br>ejemplo, anuncios, comunicaci\u00f3n entre usuarios, contactos directos, comentarios, recensiones, etc.)<br>para incluir o usar las cookies, balizas web, almacenamiento local o tecnolog\u00edas similares con el fin<br>de controlar u obtener tu informaci\u00f3n personal.<br>Si rechazas las cookies y balizas web de primera parte relativas a la publicidad, visualizar\u00e1s aun as\u00ed<br>nuestra publicidad, pero no estar\u00e1 personalizada seg\u00fan tus intereses, como ser\u00eda si usases las<br>cookies y las balizas web o las tecnolog\u00edas relacionadas.<br>Si contin\u00faas navegando o cierras la presente ventana, das tu consentimiento a la instalaci\u00f3n de las<br>cookies de perfilaci\u00f3n y marketing de primera parte.<br>Si deseas rechazar las cookies de perfilaci\u00f3n y marketing de primera parte, puedes hacer clic en \u00abno autorizo\u00bb o bloquearlas o desactivarlas seg\u00fan permita tu dispositivo o navegador<\/p>\n\n\n\n<h2 class=\"wp-block-heading\">Cookies de perfilaci\u00f3n y marketing de tercera parte<\/h2>\n\n\n\n<p>Podemos usar cookies y balizas web de tercera parte para proponer contenidos, incluida publicidad<br>relevante para los intereses del usuario, en nuestros sitios web o en sitios web de terceros. Ello<br>incluye el uso de tecnolog\u00edas para evaluar mejor la utilidad de la publicidad y los contenidos<br>presentados al usuario, por ejemplo, controlando si ha seleccionado o no un anuncio publicitario.<br>La denegaci\u00f3n del consentimiento al uso de las cookies de perfilaci\u00f3n y marketing no interferir\u00e1 en<br>la posibilidad de acceder al sitio web, salvo la imposibilidad de acceder a aquellas funciones o<br>contenidos que usan dichas cookies.<br>Debe tenerse presente que tambi\u00e9n es posible comprobar y eliminar las cookies individuales en la<br>configuraci\u00f3n de la mayor parte de los navegadores.<\/p>\n\n\n\n<p><\/p>","protected":false},"excerpt":{"rendered":"<p>Introducci\u00f3n La presente declaraci\u00f3n se emite tambi\u00e9n en virtud del art. 13 del Reglamento (UE) 2016\/679\u00abProtecci\u00f3n de las personas f\u00edsicas en lo que respecta al tratamiento de datos personales y a lalibre circulaci\u00f3n de estos datos\u00bb (conocido por las siglas RGPD) a las personas que interact\u00faen conlos servicios web de Bcare Group, S.L., accesibles por [&hellip;]<\/p>","protected":false},"author":1,"featured_media":0,"parent":0,"menu_order":0,"comment_status":"closed","ping_status":"open","template":"blank","meta":{"footnotes":""},"class_list":["post-3","page","type-page","status-publish","hentry"],"yoast_head":"<!-- This site is optimized with the Yoast SEO plugin v21.0 - https:\/\/yoast.com\/wordpress\/plugins\/seo\/ -->\n<title>POL\u00cdTICA DE PRIVACIDAD - Fix You Clinic<\/title>\n<meta name=\"robots\" content=\"index, follow, max-snippet:-1, max-image-preview:large, max-video-preview:-1\" \/>\n<link rel=\"canonical\" href=\"https:\/\/fixyouclinic.es\/ca\/politica-privacidad\/\" \/>\n<meta property=\"og:locale\" content=\"ca_ES\" \/>\n<meta property=\"og:type\" content=\"article\" \/>\n<meta property=\"og:title\" content=\"POL\u00cdTICA DE PRIVACIDAD - Fix You Clinic\" \/>\n<meta property=\"og:description\" content=\"Introducci\u00f3n La presente declaraci\u00f3n se emite tambi\u00e9n en virtud del art. 13 del Reglamento (UE) 2016\/679\u00abProtecci\u00f3n de las personas f\u00edsicas en lo que respecta al tratamiento de datos personales y a lalibre circulaci\u00f3n de estos datos\u00bb (conocido por las siglas RGPD) a las personas que interact\u00faen conlos servicios web de Bcare Group, S.L., accesibles por [&hellip;]\" \/>\n<meta property=\"og:url\" content=\"https:\/\/fixyouclinic.es\/ca\/politica-privacidad\/\" \/>\n<meta property=\"og:site_name\" content=\"Fix You Clinic\" \/>\n<meta property=\"article:modified_time\" content=\"2025-01-22T10:46:02+00:00\" \/>\n<meta name=\"twitter:card\" content=\"summary_large_image\" \/>\n<meta name=\"twitter:label1\" content=\"Temps estimat de lectura\" \/>\n\t<meta name=\"twitter:data1\" content=\"10 minuts\" \/>\n<script type=\"application\/ld+json\" class=\"yoast-schema-graph\">{\"@context\":\"https:\/\/schema.org\",\"@graph\":[{\"@type\":\"WebPage\",\"@id\":\"https:\/\/fixyouclinic.es\/politica-privacidad\/\",\"url\":\"https:\/\/fixyouclinic.es\/politica-privacidad\/\",\"name\":\"POL\u00cdTICA DE PRIVACIDAD - Fix You Clinic\",\"isPartOf\":{\"@id\":\"https:\/\/fixyouclinic.es\/#website\"},\"datePublished\":\"2022-07-05T08:44:24+00:00\",\"dateModified\":\"2025-01-22T10:46:02+00:00\",\"breadcrumb\":{\"@id\":\"https:\/\/fixyouclinic.es\/politica-privacidad\/#breadcrumb\"},\"inLanguage\":\"ca\",\"potentialAction\":[{\"@type\":\"ReadAction\",\"target\":[\"https:\/\/fixyouclinic.es\/politica-privacidad\/\"]}]},{\"@type\":\"BreadcrumbList\",\"@id\":\"https:\/\/fixyouclinic.es\/politica-privacidad\/#breadcrumb\",\"itemListElement\":[{\"@type\":\"ListItem\",\"position\":1,\"name\":\"Portada\",\"item\":\"https:\/\/fixyouclinic.es\/\"},{\"@type\":\"ListItem\",\"position\":2,\"name\":\"POL\u00cdTICA DE PRIVACIDAD\"}]},{\"@type\":\"WebSite\",\"@id\":\"https:\/\/fixyouclinic.es\/#website\",\"url\":\"https:\/\/fixyouclinic.es\/\",\"name\":\"Fix You Clinic\",\"description\":\"Centro m\u00e9dico de fisioterapia y bienestar\",\"publisher\":{\"@id\":\"https:\/\/fixyouclinic.es\/#organization\"},\"potentialAction\":[{\"@type\":\"SearchAction\",\"target\":{\"@type\":\"EntryPoint\",\"urlTemplate\":\"https:\/\/fixyouclinic.es\/?s={search_term_string}\"},\"query-input\":\"required name=search_term_string\"}],\"inLanguage\":\"ca\"},{\"@type\":\"Organization\",\"@id\":\"https:\/\/fixyouclinic.es\/#organization\",\"name\":\"Fix You Clinic Body Beauty Mind\",\"url\":\"https:\/\/fixyouclinic.es\/\",\"logo\":{\"@type\":\"ImageObject\",\"inLanguage\":\"ca\",\"@id\":\"https:\/\/fixyouclinic.es\/#\/schema\/logo\/image\/\",\"url\":\"https:\/\/fixyouclinic.es\/wp-content\/uploads\/2022\/07\/logo_FixYouClinic.png\",\"contentUrl\":\"https:\/\/fixyouclinic.es\/wp-content\/uploads\/2022\/07\/logo_FixYouClinic.png\",\"width\":580,\"height\":290,\"caption\":\"Fix You Clinic Body Beauty Mind\"},\"image\":{\"@id\":\"https:\/\/fixyouclinic.es\/#\/schema\/logo\/image\/\"},\"sameAs\":[\"https:\/\/www.instagram.com\/fixyouclinic\/\"]}]}<\/script>\n<!-- \/ Yoast SEO plugin. -->","yoast_head_json":{"title":"POL\u00cdTICA DE PRIVACIDAD - Fix You Clinic","robots":{"index":"index","follow":"follow","max-snippet":"max-snippet:-1","max-image-preview":"max-image-preview:large","max-video-preview":"max-video-preview:-1"},"canonical":"https:\/\/fixyouclinic.es\/ca\/politica-privacidad\/","og_locale":"ca_ES","og_type":"article","og_title":"POL\u00cdTICA DE PRIVACIDAD - Fix You Clinic","og_description":"Introducci\u00f3n La presente declaraci\u00f3n se emite tambi\u00e9n en virtud del art. 13 del Reglamento (UE) 2016\/679\u00abProtecci\u00f3n de las personas f\u00edsicas en lo que respecta al tratamiento de datos personales y a lalibre circulaci\u00f3n de estos datos\u00bb (conocido por las siglas RGPD) a las personas que interact\u00faen conlos servicios web de Bcare Group, S.L., accesibles por [&hellip;]","og_url":"https:\/\/fixyouclinic.es\/ca\/politica-privacidad\/","og_site_name":"Fix You Clinic","article_modified_time":"2025-01-22T10:46:02+00:00","twitter_card":"summary_large_image","twitter_misc":{"Temps estimat de lectura":"10 minuts"},"schema":{"@context":"https:\/\/schema.org","@graph":[{"@type":"WebPage","@id":"https:\/\/fixyouclinic.es\/politica-privacidad\/","url":"https:\/\/fixyouclinic.es\/politica-privacidad\/","name":"POL\u00cdTICA DE PRIVACIDAD - Fix You Clinic","isPartOf":{"@id":"https:\/\/fixyouclinic.es\/#website"},"datePublished":"2022-07-05T08:44:24+00:00","dateModified":"2025-01-22T10:46:02+00:00","breadcrumb":{"@id":"https:\/\/fixyouclinic.es\/politica-privacidad\/#breadcrumb"},"inLanguage":"ca","potentialAction":[{"@type":"ReadAction","target":["https:\/\/fixyouclinic.es\/politica-privacidad\/"]}]},{"@type":"BreadcrumbList","@id":"https:\/\/fixyouclinic.es\/politica-privacidad\/#breadcrumb","itemListElement":[{"@type":"ListItem","position":1,"name":"Portada","item":"https:\/\/fixyouclinic.es\/"},{"@type":"ListItem","position":2,"name":"POL\u00cdTICA DE PRIVACIDAD"}]},{"@type":"WebSite","@id":"https:\/\/fixyouclinic.es\/#website","url":"https:\/\/fixyouclinic.es\/","name":"Fix You Clinic","description":"Centro m\u00e9dico de fisioterapia y bienestar","publisher":{"@id":"https:\/\/fixyouclinic.es\/#organization"},"potentialAction":[{"@type":"SearchAction","target":{"@type":"EntryPoint","urlTemplate":"https:\/\/fixyouclinic.es\/?s={search_term_string}"},"query-input":"required name=search_term_string"}],"inLanguage":"ca"},{"@type":"Organization","@id":"https:\/\/fixyouclinic.es\/#organization","name":"Fix You Clinic Body Beauty Mind","url":"https:\/\/fixyouclinic.es\/","logo":{"@type":"ImageObject","inLanguage":"ca","@id":"https:\/\/fixyouclinic.es\/#\/schema\/logo\/image\/","url":"https:\/\/fixyouclinic.es\/wp-content\/uploads\/2022\/07\/logo_FixYouClinic.png","contentUrl":"https:\/\/fixyouclinic.es\/wp-content\/uploads\/2022\/07\/logo_FixYouClinic.png","width":580,"height":290,"caption":"Fix You Clinic Body Beauty Mind"},"image":{"@id":"https:\/\/fixyouclinic.es\/#\/schema\/logo\/image\/"},"sameAs":["https:\/\/www.instagram.com\/fixyouclinic\/"]}]}},"jetpack_sharing_enabled":true,"_links":{"self":[{"href":"https:\/\/fixyouclinic.es\/ca\/wp-json\/wp\/v2\/pages\/3","targetHints":{"allow":["GET"]}}],"collection":[{"href":"https:\/\/fixyouclinic.es\/ca\/wp-json\/wp\/v2\/pages"}],"about":[{"href":"https:\/\/fixyouclinic.es\/ca\/wp-json\/wp\/v2\/types\/page"}],"author":[{"embeddable":true,"href":"https:\/\/fixyouclinic.es\/ca\/wp-json\/wp\/v2\/users\/1"}],"replies":[{"embeddable":true,"href":"https:\/\/fixyouclinic.es\/ca\/wp-json\/wp\/v2\/comments?post=3"}],"version-history":[{"count":2,"href":"https:\/\/fixyouclinic.es\/ca\/wp-json\/wp\/v2\/pages\/3\/revisions"}],"predecessor-version":[{"id":1601,"href":"https:\/\/fixyouclinic.es\/ca\/wp-json\/wp\/v2\/pages\/3\/revisions\/1601"}],"wp:attachment":[{"href":"https:\/\/fixyouclinic.es\/ca\/wp-json\/wp\/v2\/media?parent=3"}],"curies":[{"name":"wp","href":"https:\/\/api.w.org\/{rel}","templated":true}]}}