{"id":439,"date":"2022-08-26T11:16:41","date_gmt":"2022-08-26T11:16:41","guid":{"rendered":"http:\/\/fixyouclinic.es\/?page_id=439"},"modified":"2025-01-22T12:26:52","modified_gmt":"2025-01-22T12:26:52","slug":"especialidades","status":"publish","type":"page","link":"https:\/\/fixyouclinic.es\/ca\/especialidades\/","title":{"rendered":"Especialidades"},"content":{"rendered":"<div data-elementor-type=\"wp-page\" data-elementor-id=\"439\" class=\"elementor elementor-439\">\n\t\t\t\t\t\t<section class=\"elementor-section elementor-top-section elementor-element elementor-element-1455749b elementor-section-boxed elementor-section-height-default elementor-section-height-default tf-sticky-section tf-sticky-no\" data-id=\"1455749b\" data-element_type=\"section\" data-settings=\"{&quot;tf_sticky&quot;:&quot;no&quot;}\">\n\t\t\t\t\t\t<div class=\"elementor-container elementor-column-gap-default\">\n\t\t\t\t\t<div class=\"elementor-column elementor-col-100 elementor-top-column elementor-element elementor-element-144fdc5c\" data-id=\"144fdc5c\" data-element_type=\"column\">\n\t\t\t<div class=\"elementor-widget-wrap elementor-element-populated\">\n\t\t\t\t\t\t<section class=\"elementor-section elementor-inner-section elementor-element elementor-element-6a1a0c5d elementor-section-boxed elementor-section-height-default elementor-section-height-default tf-sticky-section tf-sticky-no\" data-id=\"6a1a0c5d\" data-element_type=\"section\" data-settings=\"{&quot;tf_sticky&quot;:&quot;no&quot;}\">\n\t\t\t\t\t\t<div class=\"elementor-container elementor-column-gap-default\">\n\t\t\t\t\t<div class=\"elementor-column elementor-col-100 elementor-inner-column elementor-element elementor-element-473a3cef\" data-id=\"473a3cef\" data-element_type=\"column\">\n\t\t\t<div class=\"elementor-widget-wrap elementor-element-populated\">\n\t\t\t\t\t\t<div class=\"elementor-element elementor-element-180569c6 elementor-invisible elementor-widget elementor-widget-heading\" data-id=\"180569c6\" data-element_type=\"widget\" data-settings=\"{&quot;_animation&quot;:&quot;fadeInUp&quot;}\" data-widget_type=\"heading.default\">\n\t\t\t\t<div class=\"elementor-widget-container\">\n\t\t\t<style>\/*! elementor - v3.19.0 - 07-02-2024 *\/\n.elementor-heading-title{padding:0;margin:0;line-height:1}.elementor-widget-heading .elementor-heading-title[class*=elementor-size-]>a{color:inherit;font-size:inherit;line-height:inherit}.elementor-widget-heading .elementor-heading-title.elementor-size-small{font-size:15px}.elementor-widget-heading .elementor-heading-title.elementor-size-medium{font-size:19px}.elementor-widget-heading .elementor-heading-title.elementor-size-large{font-size:29px}.elementor-widget-heading .elementor-heading-title.elementor-size-xl{font-size:39px}.elementor-widget-heading .elementor-heading-title.elementor-size-xxl{font-size:59px}<\/style><h3 class=\"elementor-heading-title elementor-size-default\">Descubre nuestras especialidades<\/h3>\t\t<\/div>\n\t\t\t\t<\/div>\n\t\t\t\t\t<\/div>\n\t\t<\/div>\n\t\t\t\t\t<\/div>\n\t\t<\/section>\n\t\t\t\t<section class=\"elementor-section elementor-inner-section elementor-element elementor-element-2642bbc elementor-section-boxed elementor-section-height-default elementor-section-height-default tf-sticky-section tf-sticky-no\" data-id=\"2642bbc\" data-element_type=\"section\" data-settings=\"{&quot;tf_sticky&quot;:&quot;no&quot;}\">\n\t\t\t\t\t\t<div class=\"elementor-container elementor-column-gap-default\">\n\t\t\t\t\t<div class=\"elementor-column elementor-col-33 elementor-inner-column elementor-element elementor-element-3a913541 elementor-invisible\" data-id=\"3a913541\" data-element_type=\"column\" data-settings=\"{&quot;animation&quot;:&quot;fadeInUp&quot;,&quot;background_background&quot;:&quot;classic&quot;}\">\n\t\t\t<div class=\"elementor-widget-wrap elementor-element-populated\">\n\t\t\t\t\t<div class=\"elementor-background-overlay\"><\/div>\n\t\t\t\t\t\t<div class=\"elementor-element elementor-element-201c1ca elementor-widget elementor-widget-tfimagebox\" data-id=\"201c1ca\" data-element_type=\"widget\" data-widget_type=\"tfimagebox.default\">\n\t\t\t\t<div class=\"elementor-widget-container\">\n\t\t\t<div class=\"tf-imagebox style-1\"> \n                <div class=\"image\"><img decoding=\"async\" width=\"150\" height=\"150\" src=\"https:\/\/fixyouclinic.es\/wp-content\/uploads\/2022\/09\/1-150x150.png\" class=\"attachment-thumbnail size-thumbnail wp-image-722\" alt=\"\" srcset=\"https:\/\/fixyouclinic.es\/wp-content\/uploads\/2022\/09\/1-150x150.png 150w, https:\/\/fixyouclinic.es\/wp-content\/uploads\/2022\/09\/1-300x300.png 300w, https:\/\/fixyouclinic.es\/wp-content\/uploads\/2022\/09\/1-1024x1024.png 1024w, https:\/\/fixyouclinic.es\/wp-content\/uploads\/2022\/09\/1-768x768.png 768w, https:\/\/fixyouclinic.es\/wp-content\/uploads\/2022\/09\/1-12x12.png 12w, https:\/\/fixyouclinic.es\/wp-content\/uploads\/2022\/09\/1.png 1080w\" sizes=\"(max-width: 150px) 100vw, 150px\" \/> <\/div>\n                <div class=\"content-only\"> \n                \t               \t              \n\t\t\t\t\t<h4 class=\"title\"><a href=\"https:\/\/fixyouclinic.es\/ca\/especialidades\/fisioterapia\/\">FISIOTERAPIA<\/a><\/h4>\n\t\t\t\t<\/div>\n                <div class=\"content\">\t\n                \t                \n\t\t\t\t\t<h4 class=\"title\"><a href=\"https:\/\/fixyouclinic.es\/ca\/especialidades\/fisioterapia\/\">FISIOTERAPIA<\/a><\/h4>\n\t                <div class=\"description\">Gracias a la acci\u00f3n combinada de sofisticadas t\u00e9cnicas manuales del profesional, de tecnolog\u00edas avanzadas y de productos formulados con ingredientes funcionales, se consiguen grandes resultados desde la primera sesi\u00f3n.<\/div>\n\t                <div class=\"tf-button-container justify\"><a class=\"tf-button bt_icon_after hover-default\"   href=\"https:\/\/fixyouclinic.es\/ca\/especialidades\/fisioterapia\/\">Ver m\u00e1s <i class=\"fas fa-arrow-right\"><\/i><\/a><\/div>\n\t\t\t\t<\/div>\n            <\/div>\t\t<\/div>\n\t\t\t\t<\/div>\n\t\t\t\t\t<\/div>\n\t\t<\/div>\n\t\t\t\t<div class=\"elementor-column elementor-col-33 elementor-inner-column elementor-element elementor-element-9ab2ff9 elementor-invisible\" data-id=\"9ab2ff9\" data-element_type=\"column\" data-settings=\"{&quot;animation&quot;:&quot;fadeInUp&quot;}\">\n\t\t\t<div class=\"elementor-widget-wrap elementor-element-populated\">\n\t\t\t\t\t\t<div class=\"elementor-element elementor-element-c65b16c elementor-widget elementor-widget-tfimagebox\" data-id=\"c65b16c\" data-element_type=\"widget\" data-widget_type=\"tfimagebox.default\">\n\t\t\t\t<div class=\"elementor-widget-container\">\n\t\t\t<div class=\"tf-imagebox style-1\"> \n                <div class=\"image\"><img decoding=\"async\" width=\"150\" height=\"150\" src=\"https:\/\/fixyouclinic.es\/wp-content\/uploads\/2022\/09\/2-150x150.png\" class=\"attachment-thumbnail size-thumbnail wp-image-723\" alt=\"\" srcset=\"https:\/\/fixyouclinic.es\/wp-content\/uploads\/2022\/09\/2-150x150.png 150w, https:\/\/fixyouclinic.es\/wp-content\/uploads\/2022\/09\/2-300x300.png 300w, https:\/\/fixyouclinic.es\/wp-content\/uploads\/2022\/09\/2-1024x1024.png 1024w, https:\/\/fixyouclinic.es\/wp-content\/uploads\/2022\/09\/2-768x768.png 768w, https:\/\/fixyouclinic.es\/wp-content\/uploads\/2022\/09\/2-12x12.png 12w, https:\/\/fixyouclinic.es\/wp-content\/uploads\/2022\/09\/2.png 1080w\" sizes=\"(max-width: 150px) 100vw, 150px\" \/> <\/div>\n                <div class=\"content-only\"> \n                \t               \t              \n\t\t\t\t\t<h4 class=\"title\"><a href=\"https:\/\/fixyouclinic.es\/ca\/especialidades\/estetica\/\">EST\u00c9TICA<\/a><\/h4>\n\t\t\t\t<\/div>\n                <div class=\"content\">\t\n                \t                \n\t\t\t\t\t<h4 class=\"title\"><a href=\"https:\/\/fixyouclinic.es\/ca\/especialidades\/estetica\/\">EST\u00c9TICA<\/a><\/h4>\n\t                <div class=\"description\">Bajo el cuidado de un profesional est\u00e9tico el rostro se ver\u00e1 inmediatamente m\u00e1s radiante y revitalizado y los tejidos de su cuerpo m\u00e1s tonificados y remodelados. Garantizan una sensaci\u00f3n de bienestar, vitalidad y energ\u00eda.<\/div>\n\t                <div class=\"tf-button-container justify\"><a class=\"tf-button bt_icon_after hover-default\"   href=\"https:\/\/fixyouclinic.es\/ca\/especialidades\/estetica\/\">Ver m\u00e1s <i class=\"fas fa-arrow-right\"><\/i><\/a><\/div>\n\t\t\t\t<\/div>\n            <\/div>\t\t<\/div>\n\t\t\t\t<\/div>\n\t\t\t\t\t<\/div>\n\t\t<\/div>\n\t\t\t\t<div class=\"elementor-column elementor-col-33 elementor-inner-column elementor-element elementor-element-96b1722 elementor-invisible\" data-id=\"96b1722\" data-element_type=\"column\" data-settings=\"{&quot;animation&quot;:&quot;fadeInUp&quot;}\">\n\t\t\t<div class=\"elementor-widget-wrap elementor-element-populated\">\n\t\t\t\t\t\t<div class=\"elementor-element elementor-element-7d1d8b5 elementor-widget elementor-widget-tfimagebox\" data-id=\"7d1d8b5\" data-element_type=\"widget\" data-widget_type=\"tfimagebox.default\">\n\t\t\t\t<div class=\"elementor-widget-container\">\n\t\t\t<div class=\"tf-imagebox style-1\"> \n                <div class=\"image\"><img decoding=\"async\" width=\"150\" height=\"150\" src=\"https:\/\/fixyouclinic.es\/wp-content\/uploads\/2024\/02\/icono-Nutricionista-2-1-150x150.png\" class=\"attachment-thumbnail size-thumbnail wp-image-1442\" alt=\"\" srcset=\"https:\/\/fixyouclinic.es\/wp-content\/uploads\/2024\/02\/icono-Nutricionista-2-1-150x150.png 150w, https:\/\/fixyouclinic.es\/wp-content\/uploads\/2024\/02\/icono-Nutricionista-2-1-300x300.png 300w, https:\/\/fixyouclinic.es\/wp-content\/uploads\/2024\/02\/icono-Nutricionista-2-1-1024x1024.png 1024w, https:\/\/fixyouclinic.es\/wp-content\/uploads\/2024\/02\/icono-Nutricionista-2-1-768x768.png 768w, https:\/\/fixyouclinic.es\/wp-content\/uploads\/2024\/02\/icono-Nutricionista-2-1-12x12.png 12w, https:\/\/fixyouclinic.es\/wp-content\/uploads\/2024\/02\/icono-Nutricionista-2-1.png 1080w\" sizes=\"(max-width: 150px) 100vw, 150px\" \/> <\/div>\n                <div class=\"content-only\"> \n                \t               \t              \n\t\t\t\t\t<h4 class=\"title\"><a href=\"https:\/\/fixyouclinic.es\/ca\/especialidades\/nutricion\/\">NUTRICI\u00d3N<\/a><\/h4>\n\t\t\t\t<\/div>\n                <div class=\"content\">\t\n                \t                \n\t\t\t\t\t<h4 class=\"title\"><a href=\"https:\/\/fixyouclinic.es\/ca\/especialidades\/nutricion\/\">NUTRICI\u00d3N<\/a><\/h4>\n\t                <div class=\"description\">Con la orientaci\u00f3n de un profesional de la nutrici\u00f3n podr\u00e1s mejorar tu salud, sentirte mejor, tener m\u00e1s energ\u00eda y optimizar el rendimiento de tus actividades diarias.\nAdem\u00e1s de poder disfrutar de una dieta sana y deliciosa para tu paladar.<\/div>\n\t                <div class=\"tf-button-container justify\"><a class=\"tf-button bt_icon_after hover-default\"   href=\"https:\/\/fixyouclinic.es\/ca\/especialidades\/nutricion\/\">Ver m\u00e1s <i class=\"fas fa-arrow-right\"><\/i><\/a><\/div>\n\t\t\t\t<\/div>\n            <\/div>\t\t<\/div>\n\t\t\t\t<\/div>\n\t\t\t\t\t<\/div>\n\t\t<\/div>\n\t\t\t\t\t<\/div>\n\t\t<\/section>\n\t\t\t\t\t<\/div>\n\t\t<\/div>\n\t\t\t\t\t<\/div>\n\t\t<\/section>\n\t\t\t\t<section class=\"elementor-section elementor-top-section elementor-element elementor-element-e886d73 elementor-section-boxed elementor-section-height-default elementor-section-height-default tf-sticky-section tf-sticky-no\" data-id=\"e886d73\" data-element_type=\"section\" data-settings=\"{&quot;tf_sticky&quot;:&quot;no&quot;}\">\n\t\t\t\t\t\t<div class=\"elementor-container elementor-column-gap-default\">\n\t\t\t\t\t<div class=\"elementor-column elementor-col-25 elementor-top-column elementor-element elementor-element-e4651d3\" data-id=\"e4651d3\" data-element_type=\"column\">\n\t\t\t<div class=\"elementor-widget-wrap\">\n\t\t\t\t\t\t\t<\/div>\n\t\t<\/div>\n\t\t\t\t<div class=\"elementor-column elementor-col-25 elementor-top-column elementor-element elementor-element-7d9006e\" data-id=\"7d9006e\" data-element_type=\"column\">\n\t\t\t<div class=\"elementor-widget-wrap elementor-element-populated\">\n\t\t\t\t\t\t<div class=\"elementor-element elementor-element-0786029 elementor-widget elementor-widget-tfimagebox\" data-id=\"0786029\" data-element_type=\"widget\" data-widget_type=\"tfimagebox.default\">\n\t\t\t\t<div class=\"elementor-widget-container\">\n\t\t\t<div class=\"tf-imagebox style-1\"> \n                <div class=\"image\"><img loading=\"lazy\" decoding=\"async\" width=\"150\" height=\"150\" src=\"https:\/\/fixyouclinic.es\/wp-content\/uploads\/2022\/09\/4-150x150.png\" class=\"attachment-thumbnail size-thumbnail wp-image-725\" alt=\"\" srcset=\"https:\/\/fixyouclinic.es\/wp-content\/uploads\/2022\/09\/4-150x150.png 150w, https:\/\/fixyouclinic.es\/wp-content\/uploads\/2022\/09\/4-300x300.png 300w, https:\/\/fixyouclinic.es\/wp-content\/uploads\/2022\/09\/4-1024x1024.png 1024w, https:\/\/fixyouclinic.es\/wp-content\/uploads\/2022\/09\/4-768x768.png 768w, https:\/\/fixyouclinic.es\/wp-content\/uploads\/2022\/09\/4-12x12.png 12w, https:\/\/fixyouclinic.es\/wp-content\/uploads\/2022\/09\/4.png 1080w\" sizes=\"(max-width: 150px) 100vw, 150px\" \/> <\/div>\n                <div class=\"content-only\"> \n                \t               \t              \n\t\t\t\t\t<h4 class=\"title\"><a href=\"https:\/\/fixyouclinic.es\/ca\/especialidades\/osteopatia\/\">OSTEOPATIA<\/a><\/h4>\n\t\t\t\t<\/div>\n                <div class=\"content\">\t\n                \t                \n\t\t\t\t\t<h4 class=\"title\"><a href=\"https:\/\/fixyouclinic.es\/ca\/especialidades\/osteopatia\/\">OSTEOPATIA<\/a><\/h4>\n\t                <div class=\"description\">Se trata de la medicina manual que ayuda a restaurar la movilidad articular y de la columna vertebral, liberando tensiones musculares y contracturas para mejorar el movimiento y as\u00ed mejorar la salud y el bienestar.<\/div>\n\t                <div class=\"tf-button-container justify\"><a class=\"tf-button bt_icon_after hover-default\"   href=\"https:\/\/fixyouclinic.es\/ca\/especialidades\/osteopatia\/\">Ver m\u00e1s <i class=\"fas fa-arrow-right\"><\/i><\/a><\/div>\n\t\t\t\t<\/div>\n            <\/div>\t\t<\/div>\n\t\t\t\t<\/div>\n\t\t\t\t\t<\/div>\n\t\t<\/div>\n\t\t\t\t<div class=\"elementor-column elementor-col-25 elementor-top-column elementor-element elementor-element-4f1c66f\" data-id=\"4f1c66f\" data-element_type=\"column\">\n\t\t\t<div class=\"elementor-widget-wrap elementor-element-populated\">\n\t\t\t\t\t\t<div class=\"elementor-element elementor-element-8b5981d elementor-widget elementor-widget-tfimagebox\" data-id=\"8b5981d\" data-element_type=\"widget\" data-widget_type=\"tfimagebox.default\">\n\t\t\t\t<div class=\"elementor-widget-container\">\n\t\t\t<div class=\"tf-imagebox style-1\"> \n                <div class=\"image\"><img loading=\"lazy\" decoding=\"async\" width=\"150\" height=\"150\" src=\"https:\/\/fixyouclinic.es\/wp-content\/uploads\/2022\/09\/5-150x150.png\" class=\"attachment-thumbnail size-thumbnail wp-image-726\" alt=\"\" srcset=\"https:\/\/fixyouclinic.es\/wp-content\/uploads\/2022\/09\/5-150x150.png 150w, https:\/\/fixyouclinic.es\/wp-content\/uploads\/2022\/09\/5-300x300.png 300w, https:\/\/fixyouclinic.es\/wp-content\/uploads\/2022\/09\/5-1024x1024.png 1024w, https:\/\/fixyouclinic.es\/wp-content\/uploads\/2022\/09\/5-768x768.png 768w, https:\/\/fixyouclinic.es\/wp-content\/uploads\/2022\/09\/5-12x12.png 12w, https:\/\/fixyouclinic.es\/wp-content\/uploads\/2022\/09\/5.png 1080w\" sizes=\"(max-width: 150px) 100vw, 150px\" \/> <\/div>\n                <div class=\"content-only\"> \n                \t               \t              \n\t\t\t\t\t<h4 class=\"title\"><a href=\"https:\/\/fixyouclinic.es\/ca\/especialidades\/terapias-en-grupo\/\">ACTIVIDADES TERAP\u00daETICAS GRUPALES <\/a><\/h4>\n\t\t\t\t<\/div>\n                <div class=\"content\">\t\n                \t                \n\t\t\t\t\t<h4 class=\"title\"><a href=\"https:\/\/fixyouclinic.es\/ca\/especialidades\/terapias-en-grupo\/\">ACTIVIDADES TERAP\u00daETICAS GRUPALES <\/a><\/h4>\n\t                <div class=\"description\">Salimos de cabina para buscar a trav\u00e9s del movimiento terap\u00e9utico mejorar las capacidades corporales de nuestros pacientes, teniendo como principal objetivo mejorar su salud e incrementar el nivel de calidad de vida.<\/div>\n\t                <div class=\"tf-button-container justify\"><a class=\"tf-button bt_icon_after hover-default\"   href=\"https:\/\/fixyouclinic.es\/ca\/especialidades\/terapias-en-grupo\/\">Ver m\u00e1s <i class=\"fas fa-arrow-right\"><\/i><\/a><\/div>\n\t\t\t\t<\/div>\n            <\/div>\t\t<\/div>\n\t\t\t\t<\/div>\n\t\t\t\t\t<\/div>\n\t\t<\/div>\n\t\t\t\t<div class=\"elementor-column elementor-col-25 elementor-top-column elementor-element elementor-element-ecb8dfd\" data-id=\"ecb8dfd\" data-element_type=\"column\">\n\t\t\t<div class=\"elementor-widget-wrap\">\n\t\t\t\t\t\t\t<\/div>\n\t\t<\/div>\n\t\t\t\t\t<\/div>\n\t\t<\/section>\n\t\t\t\t<\/div>","protected":false},"excerpt":{"rendered":"<p>Descubre nuestras especialidades FISIOTERAPIA FISIOTERAPIA Gracias a la acci\u00f3n combinada de sofisticadas t\u00e9cnicas manuales del profesional, de tecnolog\u00edas avanzadas y de productos formulados con ingredientes funcionales, se consiguen grandes resultados desde la primera sesi\u00f3n. Ver m\u00e1s EST\u00c9TICA EST\u00c9TICA Bajo el cuidado de un profesional est\u00e9tico el rostro se ver\u00e1 inmediatamente m\u00e1s radiante y revitalizado y [&hellip;]<\/p>","protected":false},"author":1,"featured_media":0,"parent":0,"menu_order":0,"comment_status":"closed","ping_status":"closed","template":"elementor_header_footer","meta":{"footnotes":""},"class_list":["post-439","page","type-page","status-publish","hentry"],"yoast_head":"<!-- This site is optimized with the Yoast SEO plugin v21.0 - https:\/\/yoast.com\/wordpress\/plugins\/seo\/ -->\n<title>Especialidades - Fix You Clinic<\/title>\n<meta name=\"robots\" content=\"index, follow, max-snippet:-1, max-image-preview:large, max-video-preview:-1\" \/>\n<link rel=\"canonical\" href=\"https:\/\/fixyouclinic.es\/ca\/especialidades\/\" \/>\n<meta property=\"og:locale\" content=\"ca_ES\" \/>\n<meta property=\"og:type\" content=\"article\" \/>\n<meta property=\"og:title\" content=\"Especialidades - Fix You Clinic\" \/>\n<meta property=\"og:description\" content=\"Descubre nuestras especialidades FISIOTERAPIA FISIOTERAPIA Gracias a la acci\u00f3n combinada de sofisticadas t\u00e9cnicas manuales del profesional, de tecnolog\u00edas avanzadas y de productos formulados con ingredientes funcionales, se consiguen grandes resultados desde la primera sesi\u00f3n. Ver m\u00e1s EST\u00c9TICA EST\u00c9TICA Bajo el cuidado de un profesional est\u00e9tico el rostro se ver\u00e1 inmediatamente m\u00e1s radiante y revitalizado y [&hellip;]\" \/>\n<meta property=\"og:url\" content=\"https:\/\/fixyouclinic.es\/ca\/especialidades\/\" \/>\n<meta property=\"og:site_name\" content=\"Fix You Clinic\" \/>\n<meta property=\"article:modified_time\" content=\"2025-01-22T12:26:52+00:00\" \/>\n<meta property=\"og:image\" content=\"https:\/\/fixyouclinic.es\/wp-content\/uploads\/2022\/09\/1-150x150.png\" \/>\n<meta name=\"twitter:card\" content=\"summary_large_image\" \/>\n<meta name=\"twitter:label1\" content=\"Temps estimat de lectura\" \/>\n\t<meta name=\"twitter:data1\" content=\"2 minuts\" \/>\n<script type=\"application\/ld+json\" class=\"yoast-schema-graph\">{\"@context\":\"https:\/\/schema.org\",\"@graph\":[{\"@type\":\"WebPage\",\"@id\":\"https:\/\/fixyouclinic.es\/especialidades\/\",\"url\":\"https:\/\/fixyouclinic.es\/especialidades\/\",\"name\":\"Especialidades - Fix You Clinic\",\"isPartOf\":{\"@id\":\"https:\/\/fixyouclinic.es\/#website\"},\"datePublished\":\"2022-08-26T11:16:41+00:00\",\"dateModified\":\"2025-01-22T12:26:52+00:00\",\"breadcrumb\":{\"@id\":\"https:\/\/fixyouclinic.es\/especialidades\/#breadcrumb\"},\"inLanguage\":\"ca\",\"potentialAction\":[{\"@type\":\"ReadAction\",\"target\":[\"https:\/\/fixyouclinic.es\/especialidades\/\"]}]},{\"@type\":\"BreadcrumbList\",\"@id\":\"https:\/\/fixyouclinic.es\/especialidades\/#breadcrumb\",\"itemListElement\":[{\"@type\":\"ListItem\",\"position\":1,\"name\":\"Portada\",\"item\":\"https:\/\/fixyouclinic.es\/\"},{\"@type\":\"ListItem\",\"position\":2,\"name\":\"Especialidades\"}]},{\"@type\":\"WebSite\",\"@id\":\"https:\/\/fixyouclinic.es\/#website\",\"url\":\"https:\/\/fixyouclinic.es\/\",\"name\":\"Fix You Clinic\",\"description\":\"Centro m\u00e9dico de fisioterapia y bienestar\",\"publisher\":{\"@id\":\"https:\/\/fixyouclinic.es\/#organization\"},\"potentialAction\":[{\"@type\":\"SearchAction\",\"target\":{\"@type\":\"EntryPoint\",\"urlTemplate\":\"https:\/\/fixyouclinic.es\/?s={search_term_string}\"},\"query-input\":\"required name=search_term_string\"}],\"inLanguage\":\"ca\"},{\"@type\":\"Organization\",\"@id\":\"https:\/\/fixyouclinic.es\/#organization\",\"name\":\"Fix You Clinic Body Beauty Mind\",\"url\":\"https:\/\/fixyouclinic.es\/\",\"logo\":{\"@type\":\"ImageObject\",\"inLanguage\":\"ca\",\"@id\":\"https:\/\/fixyouclinic.es\/#\/schema\/logo\/image\/\",\"url\":\"https:\/\/fixyouclinic.es\/wp-content\/uploads\/2022\/07\/logo_FixYouClinic.png\",\"contentUrl\":\"https:\/\/fixyouclinic.es\/wp-content\/uploads\/2022\/07\/logo_FixYouClinic.png\",\"width\":580,\"height\":290,\"caption\":\"Fix You Clinic Body Beauty Mind\"},\"image\":{\"@id\":\"https:\/\/fixyouclinic.es\/#\/schema\/logo\/image\/\"},\"sameAs\":[\"https:\/\/www.instagram.com\/fixyouclinic\/\"]}]}<\/script>\n<!-- \/ Yoast SEO plugin. -->","yoast_head_json":{"title":"Especialidades - Fix You Clinic","robots":{"index":"index","follow":"follow","max-snippet":"max-snippet:-1","max-image-preview":"max-image-preview:large","max-video-preview":"max-video-preview:-1"},"canonical":"https:\/\/fixyouclinic.es\/ca\/especialidades\/","og_locale":"ca_ES","og_type":"article","og_title":"Especialidades - Fix You Clinic","og_description":"Descubre nuestras especialidades FISIOTERAPIA FISIOTERAPIA Gracias a la acci\u00f3n combinada de sofisticadas t\u00e9cnicas manuales del profesional, de tecnolog\u00edas avanzadas y de productos formulados con ingredientes funcionales, se consiguen grandes resultados desde la primera sesi\u00f3n. Ver m\u00e1s EST\u00c9TICA EST\u00c9TICA Bajo el cuidado de un profesional est\u00e9tico el rostro se ver\u00e1 inmediatamente m\u00e1s radiante y revitalizado y [&hellip;]","og_url":"https:\/\/fixyouclinic.es\/ca\/especialidades\/","og_site_name":"Fix You Clinic","article_modified_time":"2025-01-22T12:26:52+00:00","og_image":[{"url":"https:\/\/fixyouclinic.es\/wp-content\/uploads\/2022\/09\/1-150x150.png"}],"twitter_card":"summary_large_image","twitter_misc":{"Temps estimat de lectura":"2 minuts"},"schema":{"@context":"https:\/\/schema.org","@graph":[{"@type":"WebPage","@id":"https:\/\/fixyouclinic.es\/especialidades\/","url":"https:\/\/fixyouclinic.es\/especialidades\/","name":"Especialidades - Fix You Clinic","isPartOf":{"@id":"https:\/\/fixyouclinic.es\/#website"},"datePublished":"2022-08-26T11:16:41+00:00","dateModified":"2025-01-22T12:26:52+00:00","breadcrumb":{"@id":"https:\/\/fixyouclinic.es\/especialidades\/#breadcrumb"},"inLanguage":"ca","potentialAction":[{"@type":"ReadAction","target":["https:\/\/fixyouclinic.es\/especialidades\/"]}]},{"@type":"BreadcrumbList","@id":"https:\/\/fixyouclinic.es\/especialidades\/#breadcrumb","itemListElement":[{"@type":"ListItem","position":1,"name":"Portada","item":"https:\/\/fixyouclinic.es\/"},{"@type":"ListItem","position":2,"name":"Especialidades"}]},{"@type":"WebSite","@id":"https:\/\/fixyouclinic.es\/#website","url":"https:\/\/fixyouclinic.es\/","name":"Fix You Clinic","description":"Centro m\u00e9dico de fisioterapia y bienestar","publisher":{"@id":"https:\/\/fixyouclinic.es\/#organization"},"potentialAction":[{"@type":"SearchAction","target":{"@type":"EntryPoint","urlTemplate":"https:\/\/fixyouclinic.es\/?s={search_term_string}"},"query-input":"required name=search_term_string"}],"inLanguage":"ca"},{"@type":"Organization","@id":"https:\/\/fixyouclinic.es\/#organization","name":"Fix You Clinic Body Beauty Mind","url":"https:\/\/fixyouclinic.es\/","logo":{"@type":"ImageObject","inLanguage":"ca","@id":"https:\/\/fixyouclinic.es\/#\/schema\/logo\/image\/","url":"https:\/\/fixyouclinic.es\/wp-content\/uploads\/2022\/07\/logo_FixYouClinic.png","contentUrl":"https:\/\/fixyouclinic.es\/wp-content\/uploads\/2022\/07\/logo_FixYouClinic.png","width":580,"height":290,"caption":"Fix You Clinic Body Beauty Mind"},"image":{"@id":"https:\/\/fixyouclinic.es\/#\/schema\/logo\/image\/"},"sameAs":["https:\/\/www.instagram.com\/fixyouclinic\/"]}]}},"jetpack_sharing_enabled":true,"_links":{"self":[{"href":"https:\/\/fixyouclinic.es\/ca\/wp-json\/wp\/v2\/pages\/439","targetHints":{"allow":["GET"]}}],"collection":[{"href":"https:\/\/fixyouclinic.es\/ca\/wp-json\/wp\/v2\/pages"}],"about":[{"href":"https:\/\/fixyouclinic.es\/ca\/wp-json\/wp\/v2\/types\/page"}],"author":[{"embeddable":true,"href":"https:\/\/fixyouclinic.es\/ca\/wp-json\/wp\/v2\/users\/1"}],"replies":[{"embeddable":true,"href":"https:\/\/fixyouclinic.es\/ca\/wp-json\/wp\/v2\/comments?post=439"}],"version-history":[{"count":106,"href":"https:\/\/fixyouclinic.es\/ca\/wp-json\/wp\/v2\/pages\/439\/revisions"}],"predecessor-version":[{"id":1661,"href":"https:\/\/fixyouclinic.es\/ca\/wp-json\/wp\/v2\/pages\/439\/revisions\/1661"}],"wp:attachment":[{"href":"https:\/\/fixyouclinic.es\/ca\/wp-json\/wp\/v2\/media?parent=439"}],"curies":[{"name":"wp","href":"https:\/\/api.w.org\/{rel}","templated":true}]}}