{"id":519,"date":"2022-08-26T13:48:05","date_gmt":"2022-08-26T13:48:05","guid":{"rendered":"http:\/\/fixyouclinic.es\/?page_id=519"},"modified":"2022-08-26T13:58:25","modified_gmt":"2022-08-26T13:58:25","slug":"fisioterapia","status":"publish","type":"page","link":"https:\/\/fixyouclinic.es\/ca\/fisioterapia\/","title":{"rendered":"Fisioter\u00e0pia"},"content":{"rendered":"<div data-elementor-type=\"wp-page\" data-elementor-id=\"519\" class=\"elementor elementor-519\">\n\t\t\t\t\t\t<section class=\"elementor-section elementor-top-section elementor-element elementor-element-46f89a8f elementor-section-boxed elementor-section-height-default elementor-section-height-default tf-sticky-section tf-sticky-no\" data-id=\"46f89a8f\" data-element_type=\"section\" data-settings=\"{&quot;tf_sticky&quot;:&quot;no&quot;}\">\n\t\t\t\t\t\t<div class=\"elementor-container elementor-column-gap-default\">\n\t\t\t\t\t<div class=\"elementor-column elementor-col-100 elementor-top-column elementor-element elementor-element-19664fc\" data-id=\"19664fc\" data-element_type=\"column\">\n\t\t\t<div class=\"elementor-widget-wrap elementor-element-populated\">\n\t\t\t\t\t\t<div class=\"elementor-element elementor-element-b741b48 elementor-widget elementor-widget-heading\" data-id=\"b741b48\" data-element_type=\"widget\" data-widget_type=\"heading.default\">\n\t\t\t\t<div class=\"elementor-widget-container\">\n\t\t\t<style>\/*! elementor - v3.19.0 - 07-02-2024 *\/\n.elementor-heading-title{padding:0;margin:0;line-height:1}.elementor-widget-heading .elementor-heading-title[class*=elementor-size-]>a{color:inherit;font-size:inherit;line-height:inherit}.elementor-widget-heading .elementor-heading-title.elementor-size-small{font-size:15px}.elementor-widget-heading .elementor-heading-title.elementor-size-medium{font-size:19px}.elementor-widget-heading .elementor-heading-title.elementor-size-large{font-size:29px}.elementor-widget-heading .elementor-heading-title.elementor-size-xl{font-size:39px}.elementor-widget-heading .elementor-heading-title.elementor-size-xxl{font-size:59px}<\/style><h2 class=\"elementor-heading-title elementor-size-default\">Fisioter\u00e0pia<\/h2>\t\t<\/div>\n\t\t\t\t<\/div>\n\t\t\t\t<section class=\"elementor-section elementor-inner-section elementor-element elementor-element-4e24861 elementor-section-boxed elementor-section-height-default elementor-section-height-default tf-sticky-section tf-sticky-no\" data-id=\"4e24861\" data-element_type=\"section\" data-settings=\"{&quot;tf_sticky&quot;:&quot;no&quot;}\">\n\t\t\t\t\t\t<div class=\"elementor-container elementor-column-gap-default\">\n\t\t\t\t\t<div class=\"elementor-column elementor-col-50 elementor-inner-column elementor-element elementor-element-1b04caf\" data-id=\"1b04caf\" data-element_type=\"column\">\n\t\t\t<div class=\"elementor-widget-wrap elementor-element-populated\">\n\t\t\t\t\t\t<div class=\"elementor-element elementor-element-45717bd elementor-widget elementor-widget-image\" data-id=\"45717bd\" data-element_type=\"widget\" data-widget_type=\"image.default\">\n\t\t\t\t<div class=\"elementor-widget-container\">\n\t\t\t<style>\/*! elementor - v3.19.0 - 07-02-2024 *\/\n.elementor-widget-image{text-align:center}.elementor-widget-image a{display:inline-block}.elementor-widget-image a img[src$=\".svg\"]{width:48px}.elementor-widget-image img{vertical-align:middle;display:inline-block}<\/style>\t\t\t\t\t\t\t\t\t\t<img fetchpriority=\"high\" decoding=\"async\" width=\"1024\" height=\"1024\" src=\"https:\/\/fixyouclinic.es\/wp-content\/uploads\/2022\/08\/Inici_8-1024x1024.jpg\" class=\"attachment-large size-large wp-image-408\" alt=\"\" srcset=\"https:\/\/fixyouclinic.es\/wp-content\/uploads\/2022\/08\/Inici_8-1024x1024.jpg 1024w, https:\/\/fixyouclinic.es\/wp-content\/uploads\/2022\/08\/Inici_8-300x300.jpg 300w, https:\/\/fixyouclinic.es\/wp-content\/uploads\/2022\/08\/Inici_8-150x150.jpg 150w, https:\/\/fixyouclinic.es\/wp-content\/uploads\/2022\/08\/Inici_8-768x768.jpg 768w, https:\/\/fixyouclinic.es\/wp-content\/uploads\/2022\/08\/Inici_8-12x12.jpg 12w, https:\/\/fixyouclinic.es\/wp-content\/uploads\/2022\/08\/Inici_8.jpg 1080w\" sizes=\"(max-width: 1024px) 100vw, 1024px\" \/>\t\t\t\t\t\t\t\t\t\t\t\t\t<\/div>\n\t\t\t\t<\/div>\n\t\t\t\t\t<\/div>\n\t\t<\/div>\n\t\t\t\t<div class=\"elementor-column elementor-col-50 elementor-inner-column elementor-element elementor-element-6b5c147\" data-id=\"6b5c147\" data-element_type=\"column\">\n\t\t\t<div class=\"elementor-widget-wrap elementor-element-populated\">\n\t\t\t\t\t\t<div class=\"elementor-element elementor-element-026f94f elementor-widget elementor-widget-text-editor\" data-id=\"026f94f\" data-element_type=\"widget\" data-widget_type=\"text-editor.default\">\n\t\t\t\t<div class=\"elementor-widget-container\">\n\t\t\t<style>\/*! elementor - v3.19.0 - 07-02-2024 *\/\n.elementor-widget-text-editor.elementor-drop-cap-view-stacked .elementor-drop-cap{background-color:#69727d;color:#fff}.elementor-widget-text-editor.elementor-drop-cap-view-framed .elementor-drop-cap{color:#69727d;border:3px solid;background-color:transparent}.elementor-widget-text-editor:not(.elementor-drop-cap-view-default) .elementor-drop-cap{margin-top:8px}.elementor-widget-text-editor:not(.elementor-drop-cap-view-default) .elementor-drop-cap-letter{width:1em;height:1em}.elementor-widget-text-editor .elementor-drop-cap{float:left;text-align:center;line-height:1;font-size:50px}.elementor-widget-text-editor .elementor-drop-cap-letter{display:inline-block}<\/style>\t\t\t\t<p>La\u00a0<strong>fisioterapia Human Tecar<\/strong>\u00ae es una metodolog\u00eda innovadora que se diferencia de la fisioterapia moderna. Gracias a la acci\u00f3n combinada de sofisticadas t\u00e9cnicas manuales del profesional, de tecnolog\u00edas avanzadas y de productos formulados con ingredientes funcionales, se consiguen grandes resultados.<\/p><p>Estas mismas tecnolog\u00edas y t\u00e9cnicas son las que implementamos en FixYouClinic permiti\u00e9ndonos tratar varios campos de la medicina como el dolor cr\u00f3nico, la flebo-linfolog\u00eda, la rehabilitaci\u00f3n postquir\u00fargica y el tratamiento preoperatorio, entre muchos otros. Nuestra fisioterapia no invasiva garantiza\u00a0<strong>resultados eficaces y asequibles que perduraran en el tiempo<\/strong>.<\/p>\t\t\t\t\t\t<\/div>\n\t\t\t\t<\/div>\n\t\t\t\t<div class=\"elementor-element elementor-element-5c06332 elementor-align-right elementor-widget elementor-widget-button\" data-id=\"5c06332\" data-element_type=\"widget\" data-widget_type=\"button.default\">\n\t\t\t\t<div class=\"elementor-widget-container\">\n\t\t\t\t\t<div class=\"elementor-button-wrapper\">\n\t\t\t<a class=\"elementor-button elementor-button-link elementor-size-sm\" href=\"http:\/\/fixyouclinic.com\/contacta\">\n\t\t\t\t\t\t<span class=\"elementor-button-content-wrapper\">\n\t\t\t\t\t\t<span class=\"elementor-button-text\">Contacta<\/span>\n\t\t<\/span>\n\t\t\t\t\t<\/a>\n\t\t<\/div>\n\t\t\t\t<\/div>\n\t\t\t\t<\/div>\n\t\t\t\t\t<\/div>\n\t\t<\/div>\n\t\t\t\t\t<\/div>\n\t\t<\/section>\n\t\t\t\t<div class=\"elementor-element elementor-element-11873fa9 elementor-widget elementor-widget-text-editor\" data-id=\"11873fa9\" data-element_type=\"widget\" data-widget_type=\"text-editor.default\">\n\t\t\t\t<div class=\"elementor-widget-container\">\n\t\t\t\t\t\t\t\t\t\t\t\t\t<\/div>\n\t\t\t\t<\/div>\n\t\t\t\t\t<\/div>\n\t\t<\/div>\n\t\t\t\t\t<\/div>\n\t\t<\/section>\n\t\t\t\t<\/div>","protected":false},"excerpt":{"rendered":"<p>Fisioterapia La\u00a0fisioterapia Human Tecar\u00ae es una metodolog\u00eda innovadora que se diferencia de la fisioterapia moderna. Gracias a la acci\u00f3n combinada de sofisticadas t\u00e9cnicas manuales del profesional, de tecnolog\u00edas avanzadas y de productos formulados con ingredientes funcionales, se consiguen grandes resultados. Estas mismas tecnolog\u00edas y t\u00e9cnicas son las que implementamos en FixYouClinic permiti\u00e9ndonos tratar varios campos [&hellip;]<\/p>","protected":false},"author":1,"featured_media":0,"parent":0,"menu_order":0,"comment_status":"closed","ping_status":"closed","template":"","meta":{"footnotes":""},"class_list":["post-519","page","type-page","status-publish","hentry"],"yoast_head":"<!-- This site is optimized with the Yoast SEO plugin v21.0 - https:\/\/yoast.com\/wordpress\/plugins\/seo\/ -->\n<title>Fisioterapia - Fix You Clinic<\/title>\n<meta name=\"robots\" content=\"index, follow, max-snippet:-1, max-image-preview:large, max-video-preview:-1\" \/>\n<link rel=\"canonical\" href=\"https:\/\/fixyouclinic.es\/ca\/fisioterapia\/\" \/>\n<meta property=\"og:locale\" content=\"ca_ES\" \/>\n<meta property=\"og:type\" content=\"article\" \/>\n<meta property=\"og:title\" content=\"Fisioterapia - Fix You Clinic\" \/>\n<meta property=\"og:description\" content=\"Fisioterapia La\u00a0fisioterapia Human Tecar\u00ae es una metodolog\u00eda innovadora que se diferencia de la fisioterapia moderna. Gracias a la acci\u00f3n combinada de sofisticadas t\u00e9cnicas manuales del profesional, de tecnolog\u00edas avanzadas y de productos formulados con ingredientes funcionales, se consiguen grandes resultados. Estas mismas tecnolog\u00edas y t\u00e9cnicas son las que implementamos en FixYouClinic permiti\u00e9ndonos tratar varios campos [&hellip;]\" \/>\n<meta property=\"og:url\" content=\"https:\/\/fixyouclinic.es\/ca\/fisioterapia\/\" \/>\n<meta property=\"og:site_name\" content=\"Fix You Clinic\" \/>\n<meta property=\"article:modified_time\" content=\"2022-08-26T13:58:25+00:00\" \/>\n<meta property=\"og:image\" content=\"http:\/\/fixyouclinic.es\/wp-content\/uploads\/2022\/08\/Inici_8-1024x1024.jpg\" \/>\n<meta name=\"twitter:card\" content=\"summary_large_image\" \/>\n<meta name=\"twitter:label1\" content=\"Temps estimat de lectura\" \/>\n\t<meta name=\"twitter:data1\" content=\"1 minut\" \/>\n<script type=\"application\/ld+json\" class=\"yoast-schema-graph\">{\"@context\":\"https:\/\/schema.org\",\"@graph\":[{\"@type\":\"WebPage\",\"@id\":\"https:\/\/fixyouclinic.es\/fisioterapia\/\",\"url\":\"https:\/\/fixyouclinic.es\/fisioterapia\/\",\"name\":\"Fisioterapia - Fix You Clinic\",\"isPartOf\":{\"@id\":\"https:\/\/fixyouclinic.es\/#website\"},\"datePublished\":\"2022-08-26T13:48:05+00:00\",\"dateModified\":\"2022-08-26T13:58:25+00:00\",\"breadcrumb\":{\"@id\":\"https:\/\/fixyouclinic.es\/fisioterapia\/#breadcrumb\"},\"inLanguage\":\"ca\",\"potentialAction\":[{\"@type\":\"ReadAction\",\"target\":[\"https:\/\/fixyouclinic.es\/fisioterapia\/\"]}]},{\"@type\":\"BreadcrumbList\",\"@id\":\"https:\/\/fixyouclinic.es\/fisioterapia\/#breadcrumb\",\"itemListElement\":[{\"@type\":\"ListItem\",\"position\":1,\"name\":\"Portada\",\"item\":\"https:\/\/fixyouclinic.es\/\"},{\"@type\":\"ListItem\",\"position\":2,\"name\":\"Fisioterapia\"}]},{\"@type\":\"WebSite\",\"@id\":\"https:\/\/fixyouclinic.es\/#website\",\"url\":\"https:\/\/fixyouclinic.es\/\",\"name\":\"Fix You Clinic\",\"description\":\"Centro m\u00e9dico de fisioterapia y bienestar\",\"publisher\":{\"@id\":\"https:\/\/fixyouclinic.es\/#organization\"},\"potentialAction\":[{\"@type\":\"SearchAction\",\"target\":{\"@type\":\"EntryPoint\",\"urlTemplate\":\"https:\/\/fixyouclinic.es\/?s={search_term_string}\"},\"query-input\":\"required name=search_term_string\"}],\"inLanguage\":\"ca\"},{\"@type\":\"Organization\",\"@id\":\"https:\/\/fixyouclinic.es\/#organization\",\"name\":\"Fix You Clinic Body Beauty Mind\",\"url\":\"https:\/\/fixyouclinic.es\/\",\"logo\":{\"@type\":\"ImageObject\",\"inLanguage\":\"ca\",\"@id\":\"https:\/\/fixyouclinic.es\/#\/schema\/logo\/image\/\",\"url\":\"https:\/\/fixyouclinic.es\/wp-content\/uploads\/2022\/07\/logo_FixYouClinic.png\",\"contentUrl\":\"https:\/\/fixyouclinic.es\/wp-content\/uploads\/2022\/07\/logo_FixYouClinic.png\",\"width\":580,\"height\":290,\"caption\":\"Fix You Clinic Body Beauty Mind\"},\"image\":{\"@id\":\"https:\/\/fixyouclinic.es\/#\/schema\/logo\/image\/\"},\"sameAs\":[\"https:\/\/www.instagram.com\/fixyouclinic\/\"]}]}<\/script>\n<!-- \/ Yoast SEO plugin. -->","yoast_head_json":{"title":"Fisioterapia - Fix You Clinic","robots":{"index":"index","follow":"follow","max-snippet":"max-snippet:-1","max-image-preview":"max-image-preview:large","max-video-preview":"max-video-preview:-1"},"canonical":"https:\/\/fixyouclinic.es\/ca\/fisioterapia\/","og_locale":"ca_ES","og_type":"article","og_title":"Fisioterapia - Fix You Clinic","og_description":"Fisioterapia La\u00a0fisioterapia Human Tecar\u00ae es una metodolog\u00eda innovadora que se diferencia de la fisioterapia moderna. Gracias a la acci\u00f3n combinada de sofisticadas t\u00e9cnicas manuales del profesional, de tecnolog\u00edas avanzadas y de productos formulados con ingredientes funcionales, se consiguen grandes resultados. Estas mismas tecnolog\u00edas y t\u00e9cnicas son las que implementamos en FixYouClinic permiti\u00e9ndonos tratar varios campos [&hellip;]","og_url":"https:\/\/fixyouclinic.es\/ca\/fisioterapia\/","og_site_name":"Fix You Clinic","article_modified_time":"2022-08-26T13:58:25+00:00","og_image":[{"url":"http:\/\/fixyouclinic.es\/wp-content\/uploads\/2022\/08\/Inici_8-1024x1024.jpg"}],"twitter_card":"summary_large_image","twitter_misc":{"Temps estimat de lectura":"1 minut"},"schema":{"@context":"https:\/\/schema.org","@graph":[{"@type":"WebPage","@id":"https:\/\/fixyouclinic.es\/fisioterapia\/","url":"https:\/\/fixyouclinic.es\/fisioterapia\/","name":"Fisioterapia - Fix You Clinic","isPartOf":{"@id":"https:\/\/fixyouclinic.es\/#website"},"datePublished":"2022-08-26T13:48:05+00:00","dateModified":"2022-08-26T13:58:25+00:00","breadcrumb":{"@id":"https:\/\/fixyouclinic.es\/fisioterapia\/#breadcrumb"},"inLanguage":"ca","potentialAction":[{"@type":"ReadAction","target":["https:\/\/fixyouclinic.es\/fisioterapia\/"]}]},{"@type":"BreadcrumbList","@id":"https:\/\/fixyouclinic.es\/fisioterapia\/#breadcrumb","itemListElement":[{"@type":"ListItem","position":1,"name":"Portada","item":"https:\/\/fixyouclinic.es\/"},{"@type":"ListItem","position":2,"name":"Fisioterapia"}]},{"@type":"WebSite","@id":"https:\/\/fixyouclinic.es\/#website","url":"https:\/\/fixyouclinic.es\/","name":"Fix You Clinic","description":"Centro m\u00e9dico de fisioterapia y bienestar","publisher":{"@id":"https:\/\/fixyouclinic.es\/#organization"},"potentialAction":[{"@type":"SearchAction","target":{"@type":"EntryPoint","urlTemplate":"https:\/\/fixyouclinic.es\/?s={search_term_string}"},"query-input":"required name=search_term_string"}],"inLanguage":"ca"},{"@type":"Organization","@id":"https:\/\/fixyouclinic.es\/#organization","name":"Fix You Clinic Body Beauty Mind","url":"https:\/\/fixyouclinic.es\/","logo":{"@type":"ImageObject","inLanguage":"ca","@id":"https:\/\/fixyouclinic.es\/#\/schema\/logo\/image\/","url":"https:\/\/fixyouclinic.es\/wp-content\/uploads\/2022\/07\/logo_FixYouClinic.png","contentUrl":"https:\/\/fixyouclinic.es\/wp-content\/uploads\/2022\/07\/logo_FixYouClinic.png","width":580,"height":290,"caption":"Fix You Clinic Body Beauty Mind"},"image":{"@id":"https:\/\/fixyouclinic.es\/#\/schema\/logo\/image\/"},"sameAs":["https:\/\/www.instagram.com\/fixyouclinic\/"]}]}},"jetpack_sharing_enabled":true,"_links":{"self":[{"href":"https:\/\/fixyouclinic.es\/ca\/wp-json\/wp\/v2\/pages\/519","targetHints":{"allow":["GET"]}}],"collection":[{"href":"https:\/\/fixyouclinic.es\/ca\/wp-json\/wp\/v2\/pages"}],"about":[{"href":"https:\/\/fixyouclinic.es\/ca\/wp-json\/wp\/v2\/types\/page"}],"author":[{"embeddable":true,"href":"https:\/\/fixyouclinic.es\/ca\/wp-json\/wp\/v2\/users\/1"}],"replies":[{"embeddable":true,"href":"https:\/\/fixyouclinic.es\/ca\/wp-json\/wp\/v2\/comments?post=519"}],"version-history":[{"count":31,"href":"https:\/\/fixyouclinic.es\/ca\/wp-json\/wp\/v2\/pages\/519\/revisions"}],"predecessor-version":[{"id":551,"href":"https:\/\/fixyouclinic.es\/ca\/wp-json\/wp\/v2\/pages\/519\/revisions\/551"}],"wp:attachment":[{"href":"https:\/\/fixyouclinic.es\/ca\/wp-json\/wp\/v2\/media?parent=519"}],"curies":[{"name":"wp","href":"https:\/\/api.w.org\/{rel}","templated":true}]}}