{"id":788,"date":"2022-09-11T17:36:35","date_gmt":"2022-09-11T17:36:35","guid":{"rendered":"http:\/\/fixyouclinic.es\/?page_id=788"},"modified":"2022-11-29T12:14:23","modified_gmt":"2022-11-29T12:14:23","slug":"terapias-en-grupo","status":"publish","type":"page","link":"https:\/\/fixyouclinic.es\/ca\/especialidades\/terapias-en-grupo\/","title":{"rendered":"Terapias en grupo"},"content":{"rendered":"<div data-elementor-type=\"wp-page\" data-elementor-id=\"788\" class=\"elementor elementor-788\">\n\t\t\t\t\t\t<section class=\"elementor-section elementor-top-section elementor-element elementor-element-09d59b9 elementor-section-boxed elementor-section-height-default elementor-section-height-default tf-sticky-section tf-sticky-no\" data-id=\"09d59b9\" data-element_type=\"section\" data-settings=\"{&quot;tf_sticky&quot;:&quot;no&quot;}\">\n\t\t\t\t\t\t<div class=\"elementor-container elementor-column-gap-default\">\n\t\t\t\t\t<div class=\"elementor-column elementor-col-50 elementor-top-column elementor-element elementor-element-fdefcc4\" data-id=\"fdefcc4\" data-element_type=\"column\">\n\t\t\t<div class=\"elementor-widget-wrap elementor-element-populated\">\n\t\t\t\t\t\t<div class=\"elementor-element elementor-element-6385132 elementor-widget elementor-widget-image\" data-id=\"6385132\" data-element_type=\"widget\" data-widget_type=\"image.default\">\n\t\t\t\t<div class=\"elementor-widget-container\">\n\t\t\t<style>\/*! elementor - v3.19.0 - 07-02-2024 *\/\n.elementor-widget-image{text-align:center}.elementor-widget-image a{display:inline-block}.elementor-widget-image a img[src$=\".svg\"]{width:48px}.elementor-widget-image img{vertical-align:middle;display:inline-block}<\/style>\t\t\t\t\t\t\t\t\t\t<img fetchpriority=\"high\" decoding=\"async\" width=\"683\" height=\"1024\" src=\"https:\/\/fixyouclinic.es\/wp-content\/uploads\/2022\/11\/IMG_6412-683x1024.jpeg\" class=\"attachment-large size-large wp-image-1284\" alt=\"\" srcset=\"https:\/\/fixyouclinic.es\/wp-content\/uploads\/2022\/11\/IMG_6412-683x1024.jpeg 683w, https:\/\/fixyouclinic.es\/wp-content\/uploads\/2022\/11\/IMG_6412-200x300.jpeg 200w, https:\/\/fixyouclinic.es\/wp-content\/uploads\/2022\/11\/IMG_6412-768x1152.jpeg 768w, https:\/\/fixyouclinic.es\/wp-content\/uploads\/2022\/11\/IMG_6412-1024x1536.jpeg 1024w, https:\/\/fixyouclinic.es\/wp-content\/uploads\/2022\/11\/IMG_6412-1365x2048.jpeg 1365w, https:\/\/fixyouclinic.es\/wp-content\/uploads\/2022\/11\/IMG_6412-8x12.jpeg 8w, https:\/\/fixyouclinic.es\/wp-content\/uploads\/2022\/11\/IMG_6412-scaled.jpeg 1707w\" sizes=\"(max-width: 683px) 100vw, 683px\" \/>\t\t\t\t\t\t\t\t\t\t\t\t\t<\/div>\n\t\t\t\t<\/div>\n\t\t\t\t\t<\/div>\n\t\t<\/div>\n\t\t\t\t<div class=\"elementor-column elementor-col-50 elementor-top-column elementor-element elementor-element-c9ed7aa\" data-id=\"c9ed7aa\" data-element_type=\"column\">\n\t\t\t<div class=\"elementor-widget-wrap elementor-element-populated\">\n\t\t\t\t\t\t<div class=\"elementor-element elementor-element-9a43a66 elementor-widget elementor-widget-heading\" data-id=\"9a43a66\" data-element_type=\"widget\" data-widget_type=\"heading.default\">\n\t\t\t\t<div class=\"elementor-widget-container\">\n\t\t\t<style>\/*! elementor - v3.19.0 - 07-02-2024 *\/\n.elementor-heading-title{padding:0;margin:0;line-height:1}.elementor-widget-heading .elementor-heading-title[class*=elementor-size-]>a{color:inherit;font-size:inherit;line-height:inherit}.elementor-widget-heading .elementor-heading-title.elementor-size-small{font-size:15px}.elementor-widget-heading .elementor-heading-title.elementor-size-medium{font-size:19px}.elementor-widget-heading .elementor-heading-title.elementor-size-large{font-size:29px}.elementor-widget-heading .elementor-heading-title.elementor-size-xl{font-size:39px}.elementor-widget-heading .elementor-heading-title.elementor-size-xxl{font-size:59px}<\/style><h2 class=\"elementor-heading-title elementor-size-default\">Terapias en grupo<\/h2>\t\t<\/div>\n\t\t\t\t<\/div>\n\t\t\t\t<div class=\"elementor-element elementor-element-7e57be5 elementor-widget elementor-widget-text-editor\" data-id=\"7e57be5\" data-element_type=\"widget\" data-widget_type=\"text-editor.default\">\n\t\t\t\t<div class=\"elementor-widget-container\">\n\t\t\t<style>\/*! elementor - v3.19.0 - 07-02-2024 *\/\n.elementor-widget-text-editor.elementor-drop-cap-view-stacked .elementor-drop-cap{background-color:#69727d;color:#fff}.elementor-widget-text-editor.elementor-drop-cap-view-framed .elementor-drop-cap{color:#69727d;border:3px solid;background-color:transparent}.elementor-widget-text-editor:not(.elementor-drop-cap-view-default) .elementor-drop-cap{margin-top:8px}.elementor-widget-text-editor:not(.elementor-drop-cap-view-default) .elementor-drop-cap-letter{width:1em;height:1em}.elementor-widget-text-editor .elementor-drop-cap{float:left;text-align:center;line-height:1;font-size:50px}.elementor-widget-text-editor .elementor-drop-cap-letter{display:inline-block}<\/style>\t\t\t\t<p>Salimos de cabina para buscar a trav\u00e9s del movimiento terap\u00e9utico mejorar las capacidades corporales de nuestros pacientes, teniendo como principal objetivo mejorar su salud e incrementar el nivel de calidad de vida.<\/p>\t\t\t\t\t\t<\/div>\n\t\t\t\t<\/div>\n\t\t\t\t<div class=\"elementor-element elementor-element-5139795 elementor-widget elementor-widget-elementskit-tablepress\" data-id=\"5139795\" data-element_type=\"widget\" data-widget_type=\"elementskit-tablepress.default\">\n\t\t\t\t<div class=\"elementor-widget-container\">\n\t\t\t<div class=\"elemenetskit-tablepress ekit-wid-con\" id=\"ekit_tablepress_5139795\">\n<table id=\"tablepress-6\" class=\"tablepress tablepress-id-6\">\n<thead>\n<tr class=\"row-1 odd\">\n\t<th class=\"column-1\">TERAPIAS EN GRUPO<\/th><th class=\"column-2\">C\u00f3mo podemos ayudarte<\/th>\n<\/tr>\n<\/thead>\n<tbody class=\"row-hover\">\n<tr class=\"row-2 even\">\n\t<td class=\"column-1\">Terapia acu\u00e1tica<br \/>\n<\/td><td class=\"column-2\">Buscamos el movimiento y la salud del paciente mediante un medio como el agua que nos facilita mejorar el movimiento activo en cualquier etapa de la vida desde un punto de vista terap\u00e9utico. Mejoramos la fuerza, la resistencia y la movilidad. Adem\u00e1s, tambi\u00e9n realizamos sesiones individuales. <\/td>\n<\/tr>\n<tr class=\"row-3 odd\">\n\t<td class=\"column-1\">Espalda sana<br \/>\n<\/td><td class=\"column-2\">Fortalecimiento del core: zona abdominal, gl\u00fateo, lumbar y adductores. Trabajamos la movilidad articular, el equilibrio, la respiraci\u00f3n, la reeducaci\u00f3n de la postura y la flexibilidad muscular. Con un objetivo terap\u00e9utico, destinado a tratar el bienestar corporal en patolog\u00edas de espalda principalmente, personas con dolores cr\u00f3nicos y agudos, que trabajen muchas horas de pie o sentados, con una vida sedentaria y busquen mejorar su salud.<\/td>\n<\/tr>\n<tr class=\"row-4 even\">\n\t<td class=\"column-1\">Ejercicio terap\u00e9utico<\/td><td class=\"column-2\">Trabajamos la movilidad, la fuerza y la resistencia. Mejoramos el equilibrio y la coordinaci\u00f3n, juntamente con la respiraci\u00f3n. Destinado a personas que buscan mejorar la movilidad, la memoria y el nivel de calidad de vida desde un punto de vista terap\u00e9utico. <\/td>\n<\/tr>\n<\/tbody>\n<\/table>\n<!-- #tablepress-6 from cache --><\/div>\t\t<\/div>\n\t\t\t\t<\/div>\n\t\t\t\t<div class=\"elementor-element elementor-element-aacf655 elementor-align-right elementor-widget elementor-widget-button\" data-id=\"aacf655\" data-element_type=\"widget\" data-widget_type=\"button.default\">\n\t\t\t\t<div class=\"elementor-widget-container\">\n\t\t\t\t\t<div class=\"elementor-button-wrapper\">\n\t\t\t<a class=\"elementor-button elementor-button-link elementor-size-sm\" href=\"https:\/\/fixyouclinic.es\/ca\/contacto\/\">\n\t\t\t\t\t\t<span class=\"elementor-button-content-wrapper\">\n\t\t\t\t\t\t<span class=\"elementor-button-text\">Contacta<\/span>\n\t\t<\/span>\n\t\t\t\t\t<\/a>\n\t\t<\/div>\n\t\t\t\t<\/div>\n\t\t\t\t<\/div>\n\t\t\t\t\t<\/div>\n\t\t<\/div>\n\t\t\t\t\t<\/div>\n\t\t<\/section>\n\t\t\t\t<\/div>","protected":false},"excerpt":{"rendered":"<p>Terapias en grupo Salimos de cabina para buscar a trav\u00e9s del movimiento terap\u00e9utico mejorar las capacidades corporales de nuestros pacientes, teniendo como principal objetivo mejorar su salud e incrementar el nivel de calidad de vida. Contacta<\/p>","protected":false},"author":1,"featured_media":0,"parent":439,"menu_order":0,"comment_status":"closed","ping_status":"closed","template":"","meta":{"footnotes":""},"class_list":["post-788","page","type-page","status-publish","hentry"],"yoast_head":"<!-- This site is optimized with the Yoast SEO plugin v21.0 - https:\/\/yoast.com\/wordpress\/plugins\/seo\/ -->\n<title>Terapias en grupo - Fix You Clinic<\/title>\n<meta name=\"robots\" content=\"index, follow, max-snippet:-1, max-image-preview:large, max-video-preview:-1\" \/>\n<link rel=\"canonical\" href=\"https:\/\/fixyouclinic.es\/ca\/especialidades\/terapias-en-grupo\/\" \/>\n<meta property=\"og:locale\" content=\"ca_ES\" \/>\n<meta property=\"og:type\" content=\"article\" \/>\n<meta property=\"og:title\" content=\"Terapias en grupo - Fix You Clinic\" \/>\n<meta property=\"og:description\" content=\"Terapias en grupo Salimos de cabina para buscar a trav\u00e9s del movimiento terap\u00e9utico mejorar las capacidades corporales de nuestros pacientes, teniendo como principal objetivo mejorar su salud e incrementar el nivel de calidad de vida. Contacta\" \/>\n<meta property=\"og:url\" content=\"https:\/\/fixyouclinic.es\/ca\/especialidades\/terapias-en-grupo\/\" \/>\n<meta property=\"og:site_name\" content=\"Fix You Clinic\" \/>\n<meta property=\"article:modified_time\" content=\"2022-11-29T12:14:23+00:00\" \/>\n<meta property=\"og:image\" content=\"https:\/\/fixyouclinic.es\/wp-content\/uploads\/2022\/11\/IMG_6412-683x1024.jpeg\" \/>\n<meta name=\"twitter:card\" content=\"summary_large_image\" \/>\n<script type=\"application\/ld+json\" class=\"yoast-schema-graph\">{\"@context\":\"https:\/\/schema.org\",\"@graph\":[{\"@type\":\"WebPage\",\"@id\":\"https:\/\/fixyouclinic.es\/especialidades\/terapias-en-grupo\/\",\"url\":\"https:\/\/fixyouclinic.es\/especialidades\/terapias-en-grupo\/\",\"name\":\"Terapias en grupo - Fix You Clinic\",\"isPartOf\":{\"@id\":\"https:\/\/fixyouclinic.es\/#website\"},\"datePublished\":\"2022-09-11T17:36:35+00:00\",\"dateModified\":\"2022-11-29T12:14:23+00:00\",\"breadcrumb\":{\"@id\":\"https:\/\/fixyouclinic.es\/especialidades\/terapias-en-grupo\/#breadcrumb\"},\"inLanguage\":\"ca\",\"potentialAction\":[{\"@type\":\"ReadAction\",\"target\":[\"https:\/\/fixyouclinic.es\/especialidades\/terapias-en-grupo\/\"]}]},{\"@type\":\"BreadcrumbList\",\"@id\":\"https:\/\/fixyouclinic.es\/especialidades\/terapias-en-grupo\/#breadcrumb\",\"itemListElement\":[{\"@type\":\"ListItem\",\"position\":1,\"name\":\"Portada\",\"item\":\"https:\/\/fixyouclinic.es\/\"},{\"@type\":\"ListItem\",\"position\":2,\"name\":\"Especialidades\",\"item\":\"https:\/\/fixyouclinic.es\/especialidades\/\"},{\"@type\":\"ListItem\",\"position\":3,\"name\":\"Terapias en grupo\"}]},{\"@type\":\"WebSite\",\"@id\":\"https:\/\/fixyouclinic.es\/#website\",\"url\":\"https:\/\/fixyouclinic.es\/\",\"name\":\"Fix You Clinic\",\"description\":\"Centro m\u00e9dico de fisioterapia y bienestar\",\"publisher\":{\"@id\":\"https:\/\/fixyouclinic.es\/#organization\"},\"potentialAction\":[{\"@type\":\"SearchAction\",\"target\":{\"@type\":\"EntryPoint\",\"urlTemplate\":\"https:\/\/fixyouclinic.es\/?s={search_term_string}\"},\"query-input\":\"required name=search_term_string\"}],\"inLanguage\":\"ca\"},{\"@type\":\"Organization\",\"@id\":\"https:\/\/fixyouclinic.es\/#organization\",\"name\":\"Fix You Clinic Body Beauty Mind\",\"url\":\"https:\/\/fixyouclinic.es\/\",\"logo\":{\"@type\":\"ImageObject\",\"inLanguage\":\"ca\",\"@id\":\"https:\/\/fixyouclinic.es\/#\/schema\/logo\/image\/\",\"url\":\"https:\/\/fixyouclinic.es\/wp-content\/uploads\/2022\/07\/logo_FixYouClinic.png\",\"contentUrl\":\"https:\/\/fixyouclinic.es\/wp-content\/uploads\/2022\/07\/logo_FixYouClinic.png\",\"width\":580,\"height\":290,\"caption\":\"Fix You Clinic Body Beauty Mind\"},\"image\":{\"@id\":\"https:\/\/fixyouclinic.es\/#\/schema\/logo\/image\/\"},\"sameAs\":[\"https:\/\/www.instagram.com\/fixyouclinic\/\"]}]}<\/script>\n<!-- \/ Yoast SEO plugin. -->","yoast_head_json":{"title":"Terapias en grupo - Fix You Clinic","robots":{"index":"index","follow":"follow","max-snippet":"max-snippet:-1","max-image-preview":"max-image-preview:large","max-video-preview":"max-video-preview:-1"},"canonical":"https:\/\/fixyouclinic.es\/ca\/especialidades\/terapias-en-grupo\/","og_locale":"ca_ES","og_type":"article","og_title":"Terapias en grupo - Fix You Clinic","og_description":"Terapias en grupo Salimos de cabina para buscar a trav\u00e9s del movimiento terap\u00e9utico mejorar las capacidades corporales de nuestros pacientes, teniendo como principal objetivo mejorar su salud e incrementar el nivel de calidad de vida. Contacta","og_url":"https:\/\/fixyouclinic.es\/ca\/especialidades\/terapias-en-grupo\/","og_site_name":"Fix You Clinic","article_modified_time":"2022-11-29T12:14:23+00:00","og_image":[{"url":"https:\/\/fixyouclinic.es\/wp-content\/uploads\/2022\/11\/IMG_6412-683x1024.jpeg"}],"twitter_card":"summary_large_image","schema":{"@context":"https:\/\/schema.org","@graph":[{"@type":"WebPage","@id":"https:\/\/fixyouclinic.es\/especialidades\/terapias-en-grupo\/","url":"https:\/\/fixyouclinic.es\/especialidades\/terapias-en-grupo\/","name":"Terapias en grupo - Fix You Clinic","isPartOf":{"@id":"https:\/\/fixyouclinic.es\/#website"},"datePublished":"2022-09-11T17:36:35+00:00","dateModified":"2022-11-29T12:14:23+00:00","breadcrumb":{"@id":"https:\/\/fixyouclinic.es\/especialidades\/terapias-en-grupo\/#breadcrumb"},"inLanguage":"ca","potentialAction":[{"@type":"ReadAction","target":["https:\/\/fixyouclinic.es\/especialidades\/terapias-en-grupo\/"]}]},{"@type":"BreadcrumbList","@id":"https:\/\/fixyouclinic.es\/especialidades\/terapias-en-grupo\/#breadcrumb","itemListElement":[{"@type":"ListItem","position":1,"name":"Portada","item":"https:\/\/fixyouclinic.es\/"},{"@type":"ListItem","position":2,"name":"Especialidades","item":"https:\/\/fixyouclinic.es\/especialidades\/"},{"@type":"ListItem","position":3,"name":"Terapias en grupo"}]},{"@type":"WebSite","@id":"https:\/\/fixyouclinic.es\/#website","url":"https:\/\/fixyouclinic.es\/","name":"Fix You Clinic","description":"Centro m\u00e9dico de fisioterapia y bienestar","publisher":{"@id":"https:\/\/fixyouclinic.es\/#organization"},"potentialAction":[{"@type":"SearchAction","target":{"@type":"EntryPoint","urlTemplate":"https:\/\/fixyouclinic.es\/?s={search_term_string}"},"query-input":"required name=search_term_string"}],"inLanguage":"ca"},{"@type":"Organization","@id":"https:\/\/fixyouclinic.es\/#organization","name":"Fix You Clinic Body Beauty Mind","url":"https:\/\/fixyouclinic.es\/","logo":{"@type":"ImageObject","inLanguage":"ca","@id":"https:\/\/fixyouclinic.es\/#\/schema\/logo\/image\/","url":"https:\/\/fixyouclinic.es\/wp-content\/uploads\/2022\/07\/logo_FixYouClinic.png","contentUrl":"https:\/\/fixyouclinic.es\/wp-content\/uploads\/2022\/07\/logo_FixYouClinic.png","width":580,"height":290,"caption":"Fix You Clinic Body Beauty Mind"},"image":{"@id":"https:\/\/fixyouclinic.es\/#\/schema\/logo\/image\/"},"sameAs":["https:\/\/www.instagram.com\/fixyouclinic\/"]}]}},"jetpack_sharing_enabled":true,"_links":{"self":[{"href":"https:\/\/fixyouclinic.es\/ca\/wp-json\/wp\/v2\/pages\/788","targetHints":{"allow":["GET"]}}],"collection":[{"href":"https:\/\/fixyouclinic.es\/ca\/wp-json\/wp\/v2\/pages"}],"about":[{"href":"https:\/\/fixyouclinic.es\/ca\/wp-json\/wp\/v2\/types\/page"}],"author":[{"embeddable":true,"href":"https:\/\/fixyouclinic.es\/ca\/wp-json\/wp\/v2\/users\/1"}],"replies":[{"embeddable":true,"href":"https:\/\/fixyouclinic.es\/ca\/wp-json\/wp\/v2\/comments?post=788"}],"version-history":[{"count":22,"href":"https:\/\/fixyouclinic.es\/ca\/wp-json\/wp\/v2\/pages\/788\/revisions"}],"predecessor-version":[{"id":1310,"href":"https:\/\/fixyouclinic.es\/ca\/wp-json\/wp\/v2\/pages\/788\/revisions\/1310"}],"up":[{"embeddable":true,"href":"https:\/\/fixyouclinic.es\/ca\/wp-json\/wp\/v2\/pages\/439"}],"wp:attachment":[{"href":"https:\/\/fixyouclinic.es\/ca\/wp-json\/wp\/v2\/media?parent=788"}],"curies":[{"name":"wp","href":"https:\/\/api.w.org\/{rel}","templated":true}]}}